{"id":3869,"date":"2012-06-29T15:23:27","date_gmt":"2012-06-29T13:23:27","guid":{"rendered":"https:\/\/uppdragshuset.se\/about-us\/"},"modified":"2021-11-20T15:00:48","modified_gmt":"2021-11-20T14:00:48","slug":"ueber-uns","status":"publish","type":"page","link":"https:\/\/uppdragshuset.se\/de\/ueber-uns\/","title":{"rendered":"\u00dcber uns"},"content":{"rendered":"<p>[et_pb_section fb_built=&#8220;1&#8243; fullwidth=&#8220;on&#8220; module_class=&#8220;custom-header-small&#8220; _builder_version=&#8220;4.8.1&#8243; bottom_divider_style=&#8220;wave2&#8243; bottom_divider_color=&#8220;#ffffff&#8220; bottom_divider_height=&#8220;38px&#8220; global_colors_info=&#8220;{}&#8220;][et_pb_fullwidth_slider show_pagination=&#8220;off&#8220; use_bg_overlay=&#8220;off&#8220; use_text_overlay=&#8220;off&#8220; _builder_version=&#8220;4.13.1&#8243; header_level=&#8220;h1&#8243; header_font=&#8220;|600|||||||&#8220; header_text_align=&#8220;left&#8220; header_font_size=&#8220;35px&#8220; background_color=&#8220;#ffffff&#8220; custom_margin=&#8220;||||false|false&#8220; custom_padding=&#8220;10%|60px|10%|60px|true|true&#8220; auto=&#8220;on&#8220; auto_speed=&#8220;6000&#8243; auto_ignore_hover=&#8220;on&#8220; custom_css_slide_description=&#8220;padding-top:0 !important;||padding-bottom: 0 !Important;&#8220; global_colors_info=&#8220;{}&#8220;][et_pb_slide heading=&#8220;\u00dcber uns&#8220; button_link=&#8220;https:\/\/uppdragshuset.se\/tjanster\/validitet\/&#8220; _builder_version=&#8220;4.13.1&#8243; header_text_align=&#8220;left&#8220; background_color=&#8220;#e17d00&#8243; background_enable_color=&#8220;on&#8220; background_color_gradient_direction=&#8220;90deg&#8220; background_image=&#8220;https:\/\/uppdragshuset.se\/wp-content\/uploads\/2021\/05\/bg-about-us.jpg&#8220; background_enable_image=&#8220;on&#8220; background_size=&#8220;initial&#8220; background_position=&#8220;center_right&#8220; text_orientation=&#8220;left&#8220; global_colors_info=&#8220;{}&#8220; sticky_transition=&#8220;on&#8220;][\/et_pb_slide][\/et_pb_fullwidth_slider][\/et_pb_section][et_pb_section fb_built=&#8220;1&#8243; admin_label=&#8220;section&#8220; _builder_version=&#8220;3.22&#8243; custom_margin=&#8220;-1px|||||&#8220; global_colors_info=&#8220;{}&#8220;][et_pb_row column_structure=&#8220;2_3,1_3&#8243; use_custom_gutter=&#8220;on&#8220; admin_label=&#8220;row&#8220; _builder_version=&#8220;4.8.1&#8243; background_size=&#8220;initial&#8220; background_position=&#8220;top_left&#8220; background_repeat=&#8220;repeat&#8220; global_colors_info=&#8220;{}&#8220;][et_pb_column type=&#8220;2_3&#8243; _builder_version=&#8220;3.25&#8243; custom_padding=&#8220;|||&#8220; global_colors_info=&#8220;{}&#8220; custom_padding__hover=&#8220;|||&#8220;][et_pb_text admin_label=&#8220;Text&#8220; _builder_version=&#8220;4.13.1&#8243; background_size=&#8220;initial&#8220; background_position=&#8220;top_left&#8220; background_repeat=&#8220;repeat&#8220; hover_enabled=&#8220;0&#8243; global_colors_info=&#8220;{}&#8220; sticky_enabled=&#8220;0&#8243;]<\/p>\n<h2>Was wir tun<\/h2>\n<p>Uppdragshuset bietet Beratungsdienste in den Bereichen Recherche, Analyse und Innovationsberatung. Wir unterst\u00fctzen Sie mit praktischen und n\u00fctzlichen Ratschl\u00e4gen zu Risiken und Chancen im Zusammenhang mit Rechten des geistigen Eigentums. Dabei bringen wir unsere Fachkompetenz sowie umfassende Erfahrung bei der Recherche, Analyse und Bewertung technischer Informationen ein. Hierzu geh\u00f6ren u. a. Neuheitsrecherchen, Verletzungsanalysen, G\u00fcltigkeitsrecherchen und die \u00dcberwachung von Wettbewerbern.<\/p>\n<p>&nbsp;<\/p>\n<h2>Wer kommt zu uns?<\/h2>\n<p>Zu unseren Kunden geh\u00f6ren:<\/p>\n<p>\u2022 In Forschung und Entwicklung t\u00e4tige Unternehmen<br \/>\u2022 Patentanw\u00e4lte und Anwaltskanzleien<br \/>\u2022 Financers of innovation such as venture capital companies, banks, ALMI, innovation bureaus and universities<\/p>\n<p>Unser breiter Kundenstamm verschafft uns einen guten Einblick und ein umfassendes Verst\u00e4ndnis daf\u00fcr, wie Rechte an geistigem Eigentum als Gesch\u00e4ftsinstrument f\u00fcr verschiedene Arten von Interessengruppen genutzt werden k\u00f6nnen. Kunden sind auf der ganzen Welt, von Asien bis zu den USA, aber vor allem in Europa ans\u00e4ssig.<\/p>\n<p>&nbsp;<\/p>\n<h2>Wer sind wir?<\/h2>\n<p>Uppdragshuset besch\u00e4ftigt heute Patentinformationsspezialisten und Innovationsberater im Bereich der Rechte an geistigem Eigentum. Gemeinsam verf\u00fcgen wir derzeit \u00fcber die h\u00f6chste Anzahl an qualifizierten Patentinformationsspezialisten (QPIP) im Vergleich zu anderen Rechercheunternehmen.<\/p>\n<p>Unsere Berater verf\u00fcgen \u00fcber technische Kenntnisse und umfangreiche Erfahrung mit Recherchen im Bereich des geistigen Eigentums. Alle unsere Berater sind Diplom-Ingenieure, und einige haben zuvor bei nationalen Patent\u00e4mtern gearbeitet und sowohl nationale als auch internationale Patentanmeldungen gepr\u00fcft und bewertet. Im Jahr 2017 haben wir ein Trainee-Programm ins Leben gerufen, um neue Talente zu f\u00f6rdern, die die Grundwerte von Uppdragshuset verinnerlicht haben und durch den gro\u00dfen Erfahrungsschatz des Unternehmens inspiriert wurden.<\/p>\n<p>&nbsp;<\/p>\n<p>Eine ausf\u00fchrlichere Vorstellung des Personals von Uppdragshuset finden Sie <a href=\"\/our-team\/\">hier<\/a>.<\/p>\n<p>&nbsp;<\/p>\n<p>[\/et_pb_text][\/et_pb_column][et_pb_column type=&#8220;1_3&#8243; _builder_version=&#8220;3.25&#8243; custom_padding=&#8220;|||&#8220; global_colors_info=&#8220;{}&#8220; custom_padding__hover=&#8220;|||&#8220;][et_pb_sidebar orientation=&#8220;right&#8220; show_border=&#8220;off&#8220; _builder_version=&#8220;4.8.1&#8243; sticky_position=&#8220;top&#8220; sticky_limit_bottom=&#8220;section&#8220; motion_trigger_start=&#8220;top&#8220; sticky_position_tablet=&#8220;none&#8220; sticky_position_phone=&#8220;&#8220; sticky_position_last_edited=&#8220;on|phone&#8220; saved_tabs=&#8220;all&#8220; global_colors_info=&#8220;{}&#8220;][\/et_pb_sidebar][\/et_pb_column][\/et_pb_row][\/et_pb_section]<\/p>\n","protected":false},"excerpt":{"rendered":"<p>Was wir tun Uppdragshuset bietet Beratungsdienste in den Bereichen Recherche, Analyse und Innovationsberatung. Wir unterst\u00fctzen Sie mit praktischen und n\u00fctzlichen Ratschl\u00e4gen zu Risiken und Chancen im Zusammenhang mit Rechten des geistigen Eigentums. Dabei bringen wir unsere Fachkompetenz sowie umfassende Erfahrung bei der Recherche, Analyse und Bewertung technischer Informationen ein. Hierzu geh\u00f6ren u. a. Neuheitsrecherchen, Verletzungsanalysen, [&hellip;]<\/p>\n","protected":false},"author":11,"featured_media":0,"parent":0,"menu_order":0,"comment_status":"open","ping_status":"open","template":"","meta":{"_acf_changed":false,"_et_pb_use_builder":"on","_et_pb_old_content":"[:sv]<h2>Vad vi g\u00f6r<\/h2>\r\nUppdragshuset erbjuder tj\u00e4nster med fokus p\u00e5 tv\u00e5 verksamhetsomr\u00e5den:\r\n<ul>\r\n \t<li>Konsulttj\u00e4nster med s\u00f6kningar, analyser och innovationsr\u00e5dgivning<\/li>\r\n \t<li>Utveckling av IT-verktyg f\u00f6r att st\u00f6dja arbetet med innovationer och id\u00e9er<\/li>\r\n<\/ul>\r\nVia v\u00e5ra konsulttj\u00e4nster erbjuder vi praktiska och nyttiga r\u00e5d kring risker och m\u00f6jligheter med immaterialr\u00e4tt. Vi har specialistkunskap och l\u00e5ng erfarenhet av att s\u00f6ka i, analysera och bed\u00f6ma teknisk information. Det innefattar bland annat nyhetsunders\u00f6kningar, intr\u00e5ngsanalyser, validitetss\u00f6kningar och kartl\u00e4ggningar av konkurrenter.\r\n\r\nIT-verktygen vi utvecklar st\u00f6djer och effektiviserar det praktiska innovationsarbetet. Det webbaserade verktyget ArchiveOnline f\u00f6renklar arbetsfl\u00f6det f\u00f6r bland annat omv\u00e4rldsbevakningar och innovationsprocesser. Analysmodulen AutoMatch underl\u00e4ttar prioriteringar och beslut kring nya id\u00e9er genom att jobba i bakgrunden med att automatiskt ta fram beslutsunderlag i form av dokument som liknar den aktuella id\u00e9n.\r\n<div><\/div>\r\n<h2>Vilka vi v\u00e4nder oss till<\/h2>\r\nVi har fr\u00e4mst tre kategorier av kunder:\r\n<ul>\r\n \t<li>F\u00f6retag som bedriver utveckling och R&D,<\/li>\r\n \t<li>Patentombudsfirmor och advokatfirmor<\/li>\r\n \t<li>Innovationsfinansi\u00e4rer, som riskkapitalister, banker, ALMI, innovationskontor, universitet, etc.<\/li>\r\n<\/ul>\r\nBredden bland v\u00e5ra kunder ger oss en god insyn i och f\u00f6rst\u00e5else f\u00f6r anv\u00e4ndning av immateriella r\u00e4ttigheter som aff\u00e4rsverktyg f\u00f6r akt\u00f6rer med olika behov. Geografiskt sp\u00e4nner v\u00e5ra kunder fr\u00e5n Asien till USA, \u00e4ven om en majoritet av dem finns i Europa.\r\n\r\n<a href=\"https:\/\/uppdragshuset.se\/wp-content\/uploads\/2012\/06\/miljo2.jpg\" rel=\"attachment wp-att-873\"><img class=\"alignnone wp-image-3396 size-full\" title=\"miljo2\" src=\"https:\/\/uppdragshuset.se\/wp-content\/uploads\/2012\/06\/miljo2.jpg\" alt=\"\" width=\"420\" height=\"280\" \/><\/a>\r\n<h2>Vilka vi \u00e4r<\/h2>\r\nUppdragshuset best\u00e5r idag av sexton konsulter som \u00e4r uppdelade p\u00e5 en avdelning med informationsspecialister och innovationsr\u00e5dgivare inom immaterialr\u00e4tt (IPR), samt en IT-avdelning med tre IT-utvecklare f\u00f6r utveckling och konstruktion av nya st\u00f6djande verktyg.\r\n\r\nV\u00e5ra konsulter har en gedigen teknisk kompetens och l\u00e5ng erfarenhet av innovationsr\u00e5dgivning. Konsulterna \u00e4r alla ingenj\u00f6rer och har tidigare arbetat p\u00e5 nationella patentverk med att granska och bed\u00f6ma s\u00e5v\u00e4l nationella som internationella patentans\u00f6kningar. V\u00e5ra IT-utvecklare har l\u00e5ng erfarenhet av olika utvecklingsprojekt b\u00e5de internt och i samarbete med kunder.\r\n\r\nSe mer ing\u00e5ende presentationer av oss som jobbar p\u00e5 Uppdragshuset\u00a0<a title=\"Medarbetare\" href=\"\/konsulter\/\">h\u00e4r<\/a>.[:en]<div class=\"header\">\r\n<h2>What we do<\/h2>\r\n<\/div>\r\n<div class=\"content\">\r\n\r\nThe services that Uppdragshuset offers focus on two areas:\r\n<ul>\r\n \t<li>Consultancy services in searching, analysis and innovation advising<\/li>\r\n \t<li>Development of IT systems to support innovation processes<\/li>\r\n<\/ul>\r\nOur consultancy services offer practical and useful advice regarding risks and opportunities relating to intellectual property rights. We have specialist skills and long experience of searching, analysing and assessing technical information. This includes, among other things, novelty searches, infringement analysis, validity searches and surveillance of competitors.\r\n\r\nThe IT systems we develop support the practical work of innovation and make it more efficient.\u00a0<em>ArchiveOnline<\/em>\u00a0is a web-based system that simplifies the workflow of innovation processes and competitive surveillance. The analysis module\u00a0<em>Automatch<\/em>\u00a0helps when setting priorities and reaching decisions concerning new ideas. It works in the background and automatically draws up decision-support information in the form of documents that are similar to the idea in question.\r\n<h2>Who turns to us?<\/h2>\r\nWe aim at the following categories of clients:\r\n<ul>\r\n \t<li>Companies active in research and development<\/li>\r\n \t<li>Patent attorneys and law firms<\/li>\r\n \t<li>Financers of innovation such as venture capital companies, banks, ALMI, innovation bureaus and universities<\/li>\r\n<\/ul>\r\nOur broad customer base provides us with good insight into, and deep understanding of, how intellectual property rights can be used as a business tool, for various types of stakeholder. Our customers are located across the globe, from Asia to the US, most of them in Europe.\r\n\r\n<img class=\"alignnone size-full wp-image-3396\" src=\"https:\/\/uppdragshuset.se\/wp-content\/uploads\/2012\/06\/miljo2.jpg\" alt=\"\" width=\"420\" height=\"280\" \/>\r\n<h2>Who we are<\/h2>\r\nUppdragshuset today consists of 16 consultants organised into two departments: one staffed with information specialists and innovation advisors within intellectual property rights (IPR), and the other staffed with three IT developers working to build new support systems.\r\n\r\nOur consultants have massive technical skills and long experience of innovation advising. All of our consultants are graduate engineers, and all have previously worked at national patent offices, examining and assessing both national and international patent applications. Our IT developers have long experience of various development projects, both internally and in collaboration with customers.\r\n\r\nMore detailed presentations of the personnel at Uppdragshuset are available\u00a0<a href=\"\/konsulter\/\">here<\/a>.\r\n\r\n<\/div>[:]","_et_gb_content_width":"","footnotes":""},"class_list":["post-3869","page","type-page","status-publish","hentry"],"acf":[],"_links":{"self":[{"href":"https:\/\/uppdragshuset.se\/de\/wp-json\/wp\/v2\/pages\/3869","targetHints":{"allow":["GET"]}}],"collection":[{"href":"https:\/\/uppdragshuset.se\/de\/wp-json\/wp\/v2\/pages"}],"about":[{"href":"https:\/\/uppdragshuset.se\/de\/wp-json\/wp\/v2\/types\/page"}],"author":[{"embeddable":true,"href":"https:\/\/uppdragshuset.se\/de\/wp-json\/wp\/v2\/users\/11"}],"replies":[{"embeddable":true,"href":"https:\/\/uppdragshuset.se\/de\/wp-json\/wp\/v2\/comments?post=3869"}],"version-history":[{"count":6,"href":"https:\/\/uppdragshuset.se\/de\/wp-json\/wp\/v2\/pages\/3869\/revisions"}],"predecessor-version":[{"id":3877,"href":"https:\/\/uppdragshuset.se\/de\/wp-json\/wp\/v2\/pages\/3869\/revisions\/3877"}],"wp:attachment":[{"href":"https:\/\/uppdragshuset.se\/de\/wp-json\/wp\/v2\/media?parent=3869"}],"curies":[{"name":"wp","href":"https:\/\/api.w.org\/{rel}","templated":true}]}}