{"id":3879,"date":"2012-06-29T10:57:22","date_gmt":"2012-06-29T08:57:22","guid":{"rendered":"https:\/\/uppdragshuset.se\/ueber-uns\/the-art-of-finding\/"},"modified":"2021-11-20T15:03:04","modified_gmt":"2021-11-20T14:03:04","slug":"the-art-of-finding","status":"publish","type":"page","link":"https:\/\/uppdragshuset.se\/de\/ueber-uns\/the-art-of-finding\/","title":{"rendered":"The Art Of Finding"},"content":{"rendered":"<p>[et_pb_section fb_built=&#8220;1&#8243; fullwidth=&#8220;on&#8220; module_class=&#8220;custom-header-small&#8220; _builder_version=&#8220;4.8.1&#8243; bottom_divider_style=&#8220;wave2&#8243; bottom_divider_color=&#8220;#ffffff&#8220; bottom_divider_height=&#8220;38px&#8220; global_colors_info=&#8220;{}&#8220;][et_pb_fullwidth_slider show_pagination=&#8220;off&#8220; use_bg_overlay=&#8220;off&#8220; use_text_overlay=&#8220;off&#8220; _builder_version=&#8220;4.13.1&#8243; header_level=&#8220;h1&#8243; header_font=&#8220;|600|||||||&#8220; header_text_align=&#8220;left&#8220; header_font_size=&#8220;35px&#8220; background_color=&#8220;#ffffff&#8220; custom_margin=&#8220;||||false|false&#8220; custom_padding=&#8220;10%|60px|10%|60px|true|true&#8220; auto=&#8220;on&#8220; auto_speed=&#8220;6000&#8243; auto_ignore_hover=&#8220;on&#8220; hover_enabled=&#8220;0&#8243; custom_css_slide_description=&#8220;padding-top:0 !important;||padding-bottom: 0 !Important;&#8220; global_colors_info=&#8220;{}&#8220; sticky_enabled=&#8220;0&#8243;][et_pb_slide heading=&#8220;The Art of Finding&#8220; button_link=&#8220;https:\/\/uppdragshuset.se\/tjanster\/validitet\/&#8220; _builder_version=&#8220;4.13.1&#8243; header_text_align=&#8220;left&#8220; background_color=&#8220;#e17d00&#8243; background_enable_color=&#8220;on&#8220; background_color_gradient_direction=&#8220;90deg&#8220; background_image=&#8220;https:\/\/uppdragshuset.se\/wp-content\/uploads\/2021\/05\/bg-about-us.jpg&#8220; background_enable_image=&#8220;on&#8220; background_size=&#8220;initial&#8220; background_position=&#8220;center_right&#8220; text_orientation=&#8220;left&#8220; hover_enabled=&#8220;0&#8243; global_colors_info=&#8220;{}&#8220; sticky_transition=&#8220;on&#8220; sticky_enabled=&#8220;0&#8243;][\/et_pb_slide][\/et_pb_fullwidth_slider][\/et_pb_section][et_pb_section fb_built=&#8220;1&#8243; admin_label=&#8220;section&#8220; _builder_version=&#8220;3.22&#8243; global_colors_info=&#8220;{}&#8220;][et_pb_row column_structure=&#8220;2_3,1_3&#8243; use_custom_gutter=&#8220;on&#8220; admin_label=&#8220;row&#8220; _builder_version=&#8220;4.8.1&#8243; background_size=&#8220;initial&#8220; background_position=&#8220;top_left&#8220; background_repeat=&#8220;repeat&#8220; global_colors_info=&#8220;{}&#8220;][et_pb_column type=&#8220;2_3&#8243; _builder_version=&#8220;3.25&#8243; custom_padding=&#8220;|||&#8220; global_colors_info=&#8220;{}&#8220; custom_padding__hover=&#8220;|||&#8220;][et_pb_text admin_label=&#8220;Text&#8220; _builder_version=&#8220;4.8.1&#8243; background_size=&#8220;initial&#8220; background_position=&#8220;top_left&#8220; background_repeat=&#8220;repeat&#8220; global_colors_info=&#8220;{}&#8220;]<\/p>\n<p>Das Geheimnis unseres Erfolges liegt in einem intelligenteren Weg zur Innovation. Unser Ziel ist es, die besten Services zu bieten und so Ihre Herausforderungen zu verstehen und Ihre Erwartungen zu erf\u00fcllen.<\/p>\n<p>Wir haben uns der Kunst der Recherche verschrieben. Darunter versteht man einen Rechercheprozess, bei dem man sich sowohl das Ergebnis als auch den zu beschreitenden Weg vergegenw\u00e4rtigt, um herauszufinden, was zu tun ist bzw. was noch getan werden muss. Um die Kunst der Recherche zu beherrschen, muss man alle verf\u00fcgbaren Instrumente beherrschen und wissen, welche wann eingesetzt werden m\u00fcssen.<\/p>\n<p>Die Kunst liegt nicht nur in der Recherche, sondern auch in der \u00dcbermittlung der Ergebnisse. Unser Ziel ist es, alle notwendigen Informationen auf die pr\u00e4gnanteste Art und Weise zur Verf\u00fcgung zu stellen und Ergebnisse zu liefern, die nachweislich die Ressourcen optimieren, die Sie ben\u00f6tigen, um die f\u00fcr Ihr Unternehmen wichtigen Patentinformationen zu verstehen.<\/p>\n<p>&nbsp;<\/p>\n<p>&nbsp;<\/p>\n<p>[\/et_pb_text][\/et_pb_column][et_pb_column type=&#8220;1_3&#8243; _builder_version=&#8220;3.25&#8243; custom_padding=&#8220;|||&#8220; global_colors_info=&#8220;{}&#8220; custom_padding__hover=&#8220;|||&#8220;][et_pb_sidebar orientation=&#8220;right&#8220; show_border=&#8220;off&#8220; _builder_version=&#8220;4.4.7&#8243; global_colors_info=&#8220;{}&#8220;][\/et_pb_sidebar][\/et_pb_column][\/et_pb_row][\/et_pb_section]<\/p>\n","protected":false},"excerpt":{"rendered":"<p>Das Geheimnis unseres Erfolges liegt in einem intelligenteren Weg zur Innovation. Unser Ziel ist es, die besten Services zu bieten und so Ihre Herausforderungen zu verstehen und Ihre Erwartungen zu erf\u00fcllen. Wir haben uns der Kunst der Recherche verschrieben. Darunter versteht man einen Rechercheprozess, bei dem man sich sowohl das Ergebnis als auch den zu [&hellip;]<\/p>\n","protected":false},"author":11,"featured_media":0,"parent":3869,"menu_order":0,"comment_status":"open","ping_status":"open","template":"","meta":{"_acf_changed":false,"_et_pb_use_builder":"on","_et_pb_old_content":"[:sv]Uppdragshusets vision \u00e4r att erbjuda smartare st\u00f6d i v\u00e5ra kunders innovationsprocesser. Vi ska visa respekt f\u00f6r s\u00e5v\u00e4l kundens kunskap och behov, samt marknadens skiftande f\u00f6ruts\u00e4ttningar. Utmaningen ligger att i ge precis det som kunden beh\u00f6ver, vilket ibland kan inneb\u00e4ra att inse kundens behov innan de sj\u00e4lva \u00e4r medvetna om det. Vi ska bist\u00e5 med v\u00e5ra tj\u00e4nster, r\u00e5d och bed\u00f6mningar f\u00f6r att ge f\u00f6ruts\u00e4ttningar f\u00f6r att effektivisera kundens innovationsarbete. Vi v\u00e4rderar v\u00e5ra kunders f\u00f6rtroende h\u00f6gt och str\u00e4var alltid efter l\u00e5ngsiktiga och n\u00e4ra kundrelationer oavsett kundens f\u00f6ruts\u00e4ttningar.\r\n\r\n\u00a0\r\n\r\n\u00a0\r\n\r\n\u00a0\r\n\r\n\u00a0\r\n\r\n\u00a0\r\n\r\n\u00a0\r\n\r\n\u00a0\r\n\r\n\u00a0[:en]Our success is based upon products and services that provide you with better solutions and a smarter path to innovation. Our challenge lies in understanding your challenge and satisfying your needs by offering the best services.\r\n\r\nThis often means discovering needs even before they are recognized. In other cases,\u00a0it has to do with exploring new and better ways to work before you or the rest of the market does. Regardless, it is always about delivering to you and your organization exactly what you desire, on time and within budget. This win\/win bond of trust, being allowed to participate in your innovation processes, is what we value most. Adding value to this process while creating a loyal relationship with you is what makes us successful.[:]","_et_gb_content_width":"","footnotes":""},"class_list":["post-3879","page","type-page","status-publish","hentry"],"acf":[],"_links":{"self":[{"href":"https:\/\/uppdragshuset.se\/de\/wp-json\/wp\/v2\/pages\/3879","targetHints":{"allow":["GET"]}}],"collection":[{"href":"https:\/\/uppdragshuset.se\/de\/wp-json\/wp\/v2\/pages"}],"about":[{"href":"https:\/\/uppdragshuset.se\/de\/wp-json\/wp\/v2\/types\/page"}],"author":[{"embeddable":true,"href":"https:\/\/uppdragshuset.se\/de\/wp-json\/wp\/v2\/users\/11"}],"replies":[{"embeddable":true,"href":"https:\/\/uppdragshuset.se\/de\/wp-json\/wp\/v2\/comments?post=3879"}],"version-history":[{"count":3,"href":"https:\/\/uppdragshuset.se\/de\/wp-json\/wp\/v2\/pages\/3879\/revisions"}],"predecessor-version":[{"id":3882,"href":"https:\/\/uppdragshuset.se\/de\/wp-json\/wp\/v2\/pages\/3879\/revisions\/3882"}],"up":[{"embeddable":true,"href":"https:\/\/uppdragshuset.se\/de\/wp-json\/wp\/v2\/pages\/3869"}],"wp:attachment":[{"href":"https:\/\/uppdragshuset.se\/de\/wp-json\/wp\/v2\/media?parent=3879"}],"curies":[{"name":"wp","href":"https:\/\/api.w.org\/{rel}","templated":true}]}}