{"id":3885,"date":"2012-06-29T10:56:21","date_gmt":"2012-06-29T08:56:21","guid":{"rendered":"https:\/\/uppdragshuset.se\/ueber-uns\/our-way-of-working\/"},"modified":"2021-11-20T15:12:55","modified_gmt":"2021-11-20T14:12:55","slug":"unsere-arbeitsweise","status":"publish","type":"page","link":"https:\/\/uppdragshuset.se\/de\/ueber-uns\/unsere-arbeitsweise\/","title":{"rendered":"Unsere Arbeitsweise"},"content":{"rendered":"<p>[et_pb_section fb_built=&#8220;1&#8243; fullwidth=&#8220;on&#8220; module_class=&#8220;custom-header-small&#8220; _builder_version=&#8220;4.8.1&#8243; bottom_divider_style=&#8220;wave2&#8243; bottom_divider_color=&#8220;#ffffff&#8220; bottom_divider_height=&#8220;38px&#8220; global_colors_info=&#8220;{}&#8220;][et_pb_fullwidth_slider show_pagination=&#8220;off&#8220; use_bg_overlay=&#8220;off&#8220; use_text_overlay=&#8220;off&#8220; _builder_version=&#8220;4.13.1&#8243; header_level=&#8220;h1&#8243; header_font=&#8220;|600|||||||&#8220; header_text_align=&#8220;left&#8220; header_font_size=&#8220;35px&#8220; background_color=&#8220;#ffffff&#8220; custom_margin=&#8220;||||false|false&#8220; custom_padding=&#8220;10%|60px|10%|60px|true|true&#8220; auto=&#8220;on&#8220; auto_speed=&#8220;6000&#8243; auto_ignore_hover=&#8220;on&#8220; custom_css_slide_description=&#8220;padding-top:0 !important;||padding-bottom: 0 !Important;&#8220; global_colors_info=&#8220;{}&#8220;][et_pb_slide heading=&#8220;Unsere Arbeitsweise&#8220; button_link=&#8220;https:\/\/uppdragshuset.se\/tjanster\/validitet\/&#8220; _builder_version=&#8220;4.13.1&#8243; header_text_align=&#8220;left&#8220; background_color=&#8220;#e17d00&#8243; background_enable_color=&#8220;on&#8220; background_color_gradient_direction=&#8220;90deg&#8220; background_image=&#8220;https:\/\/uppdragshuset.se\/wp-content\/uploads\/2021\/05\/bg-about-us.jpg&#8220; background_enable_image=&#8220;on&#8220; background_size=&#8220;initial&#8220; background_position=&#8220;center_right&#8220; text_orientation=&#8220;left&#8220; global_colors_info=&#8220;{}&#8220; sticky_transition=&#8220;on&#8220;][\/et_pb_slide][\/et_pb_fullwidth_slider][\/et_pb_section][et_pb_section fb_built=&#8220;1&#8243; admin_label=&#8220;section&#8220; _builder_version=&#8220;3.22&#8243; global_colors_info=&#8220;{}&#8220;][et_pb_row column_structure=&#8220;2_3,1_3&#8243; admin_label=&#8220;row&#8220; _builder_version=&#8220;4.8.1&#8243; background_size=&#8220;initial&#8220; background_position=&#8220;top_left&#8220; background_repeat=&#8220;repeat&#8220; global_colors_info=&#8220;{}&#8220;][et_pb_column type=&#8220;2_3&#8243; _builder_version=&#8220;3.25&#8243; custom_padding=&#8220;|||&#8220; global_colors_info=&#8220;{}&#8220; custom_padding__hover=&#8220;|||&#8220;][et_pb_text admin_label=&#8220;Text&#8220; _builder_version=&#8220;4.13.1&#8243; background_size=&#8220;initial&#8220; background_position=&#8220;top_left&#8220; background_repeat=&#8220;repeat&#8220; global_colors_info=&#8220;{}&#8220;]<\/p>\n<p>Wir arbeiten nach dem Grundsatz, dass Mitwirkung einen Mehrwert schafft. Wir bieten eine Zusammenarbeit basierend auf einem kosteneffizienten Ansatz, bei dem wir das anbieten, was der Kunde wirklich braucht und w\u00fcnscht. In der Praxis bedeutet dies, dass wir jeden Auftrag und jede Lieferung auf die spezifischen Anforderungen des jeweiligen Auftrags zuschneiden, um das Ergebnis zu optimieren und die erforderlichen Ressourcen zu minimieren.<\/p>\n<p>Um unseren hohen Qualit\u00e4tsanspr\u00fcchen gerecht zu werden, wird die Arbeit bei Uppdragshuset in Form von Projekten durchgef\u00fchrt, bei denen mindestens zwei Personen gemeinsam an einem Auftrag oder Thema arbeiten. Unsere Arbeitsprozesse gew\u00e4hrleisten, dass wir uns kontinuierlich weiterentwickeln und st\u00e4ndig neue Ans\u00e4tze testen, um unsere F\u00e4higkeiten und Kompetenzen zu verbessern. Die st\u00e4ndige Weiterentwicklung aller unserer Berater in den Bereichen Technologie und Rechte an geistigem Eigentum ist eine Voraussetzung hierf\u00fcr.<br \/>.<\/p>\n<p>Die Arbeit von Innovationsberatern und Informationsspezialisten erfordert Fachwissen in drei Bereichen:<\/p>\n<ul>\n<li>Ausgepr\u00e4gte technische und analytische F\u00e4higkeiten<\/li>\n<li>Juristische Erfahrung und fundierte praktische Kenntnisse der Rechte an geistigem Eigentum<\/li>\n<li>Verst\u00e4ndnis von Gesch\u00e4ftsprozessen und Marktstrategien<\/li>\n<\/ul>\n<p>&nbsp;<\/p>\n<h2>Unsere Grundwerte<\/h2>\n<p>Jeder Mitarbeiter bei Uppdragshuset ist den folgenden Grundwerten verpflichtet:<\/p>\n<p>Sorgfalt, Wissbegier und Mut. Diese Grundprinzipien sind in unserer gesamten Unternehmenskultur verankert, von unseren t\u00e4glichen Arbeitsabl\u00e4ufen und internen Verfahren bis hin zu unserer Beziehung zu Ihnen.<\/p>\n<p><strong>Sorgfalt<\/strong> <br \/>Bei jeder Aufgabe und jeder Kommunikation sind wir ganz bei der Sache, sodass wir den Bed\u00fcrfnissen unserer Kunden gro\u00dfe Aufmerksamkeit schenken. Wir sorgen daf\u00fcr, dass jedes Treffen, sowohl mit Kunden als auch Kollegen, auf professionelle Weise stattfindet.<\/p>\n<p><strong>Wissbegier<\/strong> <br \/>Wir teilen ein echtes Interesse an Technik, wollen ein umfassendes Verst\u00e4ndnis erlangen und unsere Wissensbasis erweitern. Wir streben nach st\u00e4ndiger Weiterentwicklung, indem wir unsere Arbeitsmethoden immer wieder neu bewerten und weiterentwickeln.<\/p>\n<p><strong>Mut<\/strong><br \/>Wir haben den Mut, die Standards in Frage zu stellen. Wir unterst\u00fctzen direkte Kommunikation. Wir haben den Mut, gegen vorherrschende Normen zu handeln, weil wir wissen, dass dies zu Wachstum f\u00fchren kann.<\/p>\n<p>[\/et_pb_text][\/et_pb_column][et_pb_column type=&#8220;1_3&#8243; _builder_version=&#8220;3.25&#8243; custom_padding=&#8220;|||&#8220; global_colors_info=&#8220;{}&#8220; custom_padding__hover=&#8220;|||&#8220;][et_pb_sidebar orientation=&#8220;right&#8220; show_border=&#8220;off&#8220; _builder_version=&#8220;4.8.1&#8243; sticky_position=&#8220;top&#8220; sticky_limit_bottom=&#8220;section&#8220; motion_trigger_start=&#8220;top&#8220; sticky_position_tablet=&#8220;none&#8220; sticky_position_phone=&#8220;&#8220; sticky_position_last_edited=&#8220;on|phone&#8220; saved_tabs=&#8220;all&#8220; global_colors_info=&#8220;{}&#8220;][\/et_pb_sidebar][\/et_pb_column][\/et_pb_row][\/et_pb_section]<\/p>\n","protected":false},"excerpt":{"rendered":"<p>Wir arbeiten nach dem Grundsatz, dass Mitwirkung einen Mehrwert schafft. Wir bieten eine Zusammenarbeit basierend auf einem kosteneffizienten Ansatz, bei dem wir das anbieten, was der Kunde wirklich braucht und w\u00fcnscht. In der Praxis bedeutet dies, dass wir jeden Auftrag und jede Lieferung auf die spezifischen Anforderungen des jeweiligen Auftrags zuschneiden, um das Ergebnis zu [&hellip;]<\/p>\n","protected":false},"author":11,"featured_media":0,"parent":3869,"menu_order":0,"comment_status":"open","ping_status":"open","template":"","meta":{"_acf_changed":false,"_et_pb_use_builder":"on","_et_pb_old_content":"[:sv]Vi medverkar till v\u00e5ra kunders framg\u00e5ng enligt v\u00e5r devis att delaktighet skapar merv\u00e4rde. Genom att f\u00f6ra en dialog introduceras nya id\u00e9er och tankar som f\u00f6rb\u00e4ttrar resultatet. Vi erbjuder ett samarbete utifr\u00e5n ett kostnadseffektivt syns\u00e4tt, d\u00e4r vi ska leverera det som kunden verkligen beh\u00f6ver och efterfr\u00e5gar. Det betyder i praktiken att anpassa best\u00e4llning och avl\u00e4mning utifr\u00e5n varje uppdrags specifika f\u00f6ruts\u00e4ttningar f\u00f6r att optimera resultat och nedlagd konsulttid.\r\n\r\nVi l\u00e4gger stor vikt p\u00e5 att f\u00f6rst\u00e5 varje uppdrags unika karakt\u00e4r s\u00e5 att resurser och resultat ger maximal nytta. Arbetet som innovationsr\u00e5dgivare och informationsspecialist kr\u00e4ver tre olika kompetenser; h\u00f6g teknisk och analytisk f\u00f6rm\u00e5ga, juridisk erfarenhet om praxis inom immaterialr\u00e4tt samt f\u00f6rst\u00e5else f\u00f6r aff\u00e4rsprocesser och marknad. D\u00e4r dessa omr\u00e5den m\u00f6ts finns Uppdragshusets konsulter.\r\n\r\n<img class=\"alignright wp-image-3383 size-full\" title=\"hur-vi-gor-det\" src=\"https:\/\/uppdragshuset.se\/wp-content\/uploads\/2012\/06\/hur-vi-gor-det1.jpg\" alt=\"\" width=\"420\" height=\"283\" \/>\r\n\r\n<em><strong>Utbildning av v\u00e5ra konsulter\r\n<\/strong><\/em>Rollen som innovationsr\u00e5dgivare kr\u00e4ver en h\u00f6g kompetens, l\u00e5ng erfarenhet, ett \u00f6ppet sinne samt f\u00f6rm\u00e5gan att kunna lyssna och uppfatta kunders \u00f6nskem\u00e5l och behov. En f\u00f6ruts\u00e4ttning f\u00f6r det \u00e4r kontinuerlig fortbildning av alla konsulter inom teknik och immaterialr\u00e4tt. F\u00f6r att garantera att vi alltid ligger i den tekniska och juridiska framkanten investerar vi kontinuerligt i 10 utbildningsdagar per konsult och \u00e5r.\r\n\r\n<em><strong>Arbetsmetodik och processer\r\n<\/strong><\/em>F\u00f6r att uppn\u00e5 v\u00e5r h\u00f6ga kvalitet arbetar Uppdragshuset i en projektform d\u00e4r alltid minst tv\u00e5 personer samarbetar kring varje uppdrag eller fr\u00e5gest\u00e4llning. Vi har \u00e4ven utvecklat arbetsprocesser f\u00f6r olika typer av uppdrag f\u00f6r att s\u00e4kerst\u00e4lla b\u00e4sta kvalitet och effektivitet. Samtliga granskningar utf\u00f6rs i minst tv\u00e5 stora kommersiella patentdatabaser och\/eller artikeldatabaser och p\u00e5 olika spr\u00e5k. De spr\u00e5k som vi beh\u00e4rskar flytande \u00e4r svenska, engelska, tyska, franska, finska, arabiska, polska och ryska.\r\n\r\n<strong><em>S\u00e4kerhet<\/em>\r\n<\/strong>Att arbeta med innovationer \u00e4r en f\u00f6rm\u00e5n och ett f\u00f6rtroende vi \u00e4r mycket m\u00e5na om att v\u00e5rda. D\u00e4rf\u00f6r omfattas varje uppdrag av rigor\u00f6s sekretess. Kontakta oss f\u00f6r specifika fr\u00e5gor kring v\u00e5ra s\u00e4kerhetssystem och rutiner.[:en]We contribute to the success of our customers under the principle that participation creates added value. New ideas are introduced by dialogue, as are thoughts that improve the result. We offer collaboration based on a cost-effective approach, in which we provide what the customer really needs and requests. This means in practice that we tailor each order and delivery to the specific requirements of each commission, in order to optimise the result and minimise the resources required.\r\n\r\nWe place a great deal of importance on understanding the nature of each commission, such that resources and results provide the maximum benefit. The work of innovation advisors and information specialists requires expertise in three areas:\r\n<ul>\r\n \t<li>High technical and analytical ability<\/li>\r\n \t<li>Legal experience and well founded practical understanding of intellectual property rights<\/li>\r\n \t<li>Understanding of business processes and market strategies<\/li>\r\n<\/ul>\r\n\u00a0\r\n\r\n<img class=\"alignnone wp-image-3458 size-medium\" title=\"hur-vi-gor-det\" src=\"https:\/\/uppdragshuset.se\/wp-content\/uploads\/2012\/06\/hur-vi-gor-det_eng-420x283.jpg\" alt=\"\" width=\"420\" height=\"283\" \/>\r\n\r\n\u00a0\r\n\r\n<strong>Further development of our consultant\u2019s competencies<\/strong>\r\nThe role of innovation advisor requires high expertise, long experience, an open mind, and the ability to listen and understand the needs and desires of customers. Ceaseless further development of all our consultants in technology and intellectual property rights is a fundamental requirement. In order to ensure that we are always positioned in the technical and judicial vanguard, we invest continuously in 10 days of education and development for each consultant, every year.\r\n\r\n<strong>Work methodology and processes<\/strong>\r\nIn order to achieve our high demands for quality, work at Uppdragshuset is conducted in project form, in which at least two people collaborate on each commission or topic. We have also developed working processes for various types of commission, in order to secure the best possible quality and efficiency.\r\n\r\nAll investigations are carried out in a minimum of two major commercial patent databases and\/or article databases, and they are carried out in several languages. The languages that we master fluently are Swedish, English, German, French, Finnish, Arabic, Polish and Russian.\r\n\r\n<strong>Security<\/strong>\r\nTo work with innovation is an honor and a privilege of trust that we are well aware of and value. Therefore, we surround each assignment with rigorous secrecy. Please contact us regarding specific questions about our security system and routines.[:]","_et_gb_content_width":"","footnotes":""},"class_list":["post-3885","page","type-page","status-publish","hentry"],"acf":[],"_links":{"self":[{"href":"https:\/\/uppdragshuset.se\/de\/wp-json\/wp\/v2\/pages\/3885","targetHints":{"allow":["GET"]}}],"collection":[{"href":"https:\/\/uppdragshuset.se\/de\/wp-json\/wp\/v2\/pages"}],"about":[{"href":"https:\/\/uppdragshuset.se\/de\/wp-json\/wp\/v2\/types\/page"}],"author":[{"embeddable":true,"href":"https:\/\/uppdragshuset.se\/de\/wp-json\/wp\/v2\/users\/11"}],"replies":[{"embeddable":true,"href":"https:\/\/uppdragshuset.se\/de\/wp-json\/wp\/v2\/comments?post=3885"}],"version-history":[{"count":4,"href":"https:\/\/uppdragshuset.se\/de\/wp-json\/wp\/v2\/pages\/3885\/revisions"}],"predecessor-version":[{"id":3890,"href":"https:\/\/uppdragshuset.se\/de\/wp-json\/wp\/v2\/pages\/3885\/revisions\/3890"}],"up":[{"embeddable":true,"href":"https:\/\/uppdragshuset.se\/de\/wp-json\/wp\/v2\/pages\/3869"}],"wp:attachment":[{"href":"https:\/\/uppdragshuset.se\/de\/wp-json\/wp\/v2\/media?parent=3885"}],"curies":[{"name":"wp","href":"https:\/\/api.w.org\/{rel}","templated":true}]}}