{"id":3892,"date":"2012-06-29T14:38:06","date_gmt":"2012-06-29T12:38:06","guid":{"rendered":"https:\/\/uppdragshuset.se\/ueber-uns\/our-engagement\/"},"modified":"2021-11-20T15:16:05","modified_gmt":"2021-11-20T14:16:05","slug":"unsere-verpflichtung","status":"publish","type":"page","link":"https:\/\/uppdragshuset.se\/de\/ueber-uns\/unsere-verpflichtung\/","title":{"rendered":"Unsere Verpflichtung"},"content":{"rendered":"<p>[et_pb_section fb_built=&#8220;1&#8243; fullwidth=&#8220;on&#8220; module_class=&#8220;custom-header-small&#8220; _builder_version=&#8220;4.8.1&#8243; bottom_divider_style=&#8220;wave2&#8243; bottom_divider_color=&#8220;#ffffff&#8220; bottom_divider_height=&#8220;38px&#8220; global_colors_info=&#8220;{}&#8220;][et_pb_fullwidth_slider show_pagination=&#8220;off&#8220; use_bg_overlay=&#8220;off&#8220; use_text_overlay=&#8220;off&#8220; _builder_version=&#8220;4.13.1&#8243; header_level=&#8220;h1&#8243; header_font=&#8220;|600|||||||&#8220; header_text_align=&#8220;left&#8220; header_font_size=&#8220;35px&#8220; background_color=&#8220;#ffffff&#8220; custom_margin=&#8220;||||false|false&#8220; custom_padding=&#8220;10%|60px|10%|60px|true|true&#8220; auto=&#8220;on&#8220; auto_speed=&#8220;6000&#8243; auto_ignore_hover=&#8220;on&#8220; custom_css_slide_description=&#8220;padding-top:0 !important;||padding-bottom: 0 !Important;&#8220; global_colors_info=&#8220;{}&#8220;][et_pb_slide heading=&#8220;Unsere Verpflichtung&#8220; button_link=&#8220;https:\/\/uppdragshuset.se\/tjanster\/validitet\/&#8220; _builder_version=&#8220;4.13.1&#8243; header_text_align=&#8220;left&#8220; background_color=&#8220;#e17d00&#8243; background_enable_color=&#8220;on&#8220; background_color_gradient_direction=&#8220;90deg&#8220; background_image=&#8220;https:\/\/uppdragshuset.se\/wp-content\/uploads\/2021\/05\/bg-about-us.jpg&#8220; background_enable_image=&#8220;on&#8220; background_size=&#8220;initial&#8220; background_position=&#8220;center_right&#8220; text_orientation=&#8220;left&#8220; global_colors_info=&#8220;{}&#8220; sticky_transition=&#8220;on&#8220;][\/et_pb_slide][\/et_pb_fullwidth_slider][\/et_pb_section][et_pb_section fb_built=&#8220;1&#8243; admin_label=&#8220;section&#8220; _builder_version=&#8220;3.22&#8243; global_colors_info=&#8220;{}&#8220;][et_pb_row column_structure=&#8220;2_3,1_3&#8243; admin_label=&#8220;row&#8220; _builder_version=&#8220;3.25&#8243; background_size=&#8220;initial&#8220; background_position=&#8220;top_left&#8220; background_repeat=&#8220;repeat&#8220; global_colors_info=&#8220;{}&#8220;][et_pb_column type=&#8220;2_3&#8243; _builder_version=&#8220;3.25&#8243; custom_padding=&#8220;|||&#8220; global_colors_info=&#8220;{}&#8220; custom_padding__hover=&#8220;|||&#8220;][et_pb_text admin_label=&#8220;Text&#8220; _builder_version=&#8220;4.13.1&#8243; background_size=&#8220;initial&#8220; background_position=&#8220;top_left&#8220; background_repeat=&#8220;repeat&#8220; hover_enabled=&#8220;0&#8243; global_colors_info=&#8220;{}&#8220; sticky_enabled=&#8220;0&#8243;]<\/p>\n<p>Uppdragshuset hat sich von Anfang an auf verschiedene Weise im Bereich der Rechte an geistigem Eigentum engagiert. Uppdragshuset ist beispielsweise seit vielen Jahren Mitglied der Vorst\u00e4nde der Vereinigung der Fachleute f\u00fcr geistiges Eigentum in der schwedischen Industrie (SIPF) und der Vereinigung der Anwaltskanzleien f\u00fcr geistiges Eigentum in Schweden (SEPAF) sowie \u00fcber die schwedische Tochtergesellschaft Svenska IP Informations Gruppen (SIPIG) Mitglied des Vorstands der Confederation of European Patent Information User Groups (CEPIUG).<\/p>\n<p><strong>Uppdragshuset debattiert und schult<\/strong><br \/>Wir engagieren uns aktiv f\u00fcr die Belange der Branche und er\u00f6rtern Fragen zu Rechten an geistigem Eigentum in verschiedenen Medien. Uppdragshuset veranstaltet gemeinsam mit IPscreener den Innovationstag, ein j\u00e4hrliches Seminar zu Fragen und Entwicklungen im Bereich des geistigen Eigentums. Uppdragshuset wurde zu mehreren internationalen Konferenzen als Redner eingeladen, darunter das Symposium der Information Retrieval Faculty (IRF), die European Patent Office Information Conference (EPOPIC) und die PIUG-Jahreskonferenz.<\/p>\n<p>[\/et_pb_text][\/et_pb_column][et_pb_column type=&#8220;1_3&#8243; _builder_version=&#8220;3.25&#8243; custom_padding=&#8220;|||&#8220; global_colors_info=&#8220;{}&#8220; custom_padding__hover=&#8220;|||&#8220;][et_pb_sidebar orientation=&#8220;right&#8220; show_border=&#8220;off&#8220; _builder_version=&#8220;4.8.1&#8243; sticky_position=&#8220;top&#8220; sticky_limit_bottom=&#8220;section&#8220; motion_trigger_start=&#8220;top&#8220; sticky_position_tablet=&#8220;none&#8220; sticky_position_phone=&#8220;&#8220; sticky_position_last_edited=&#8220;on|phone&#8220; saved_tabs=&#8220;all&#8220; global_colors_info=&#8220;{}&#8220;][\/et_pb_sidebar][\/et_pb_column][\/et_pb_row][\/et_pb_section]<\/p>\n","protected":false},"excerpt":{"rendered":"<p>Uppdragshuset hat sich von Anfang an auf verschiedene Weise im Bereich der Rechte an geistigem Eigentum engagiert. Uppdragshuset ist beispielsweise seit vielen Jahren Mitglied der Vorst\u00e4nde der Vereinigung der Fachleute f\u00fcr geistiges Eigentum in der schwedischen Industrie (SIPF) und der Vereinigung der Anwaltskanzleien f\u00fcr geistiges Eigentum in Schweden (SEPAF) sowie \u00fcber die schwedische Tochtergesellschaft Svenska [&hellip;]<\/p>\n","protected":false},"author":11,"featured_media":3397,"parent":3869,"menu_order":0,"comment_status":"open","ping_status":"open","template":"","meta":{"_acf_changed":false,"_et_pb_use_builder":"on","_et_pb_old_content":"[:sv]Sedan Uppdragshuset startade har vi engagerat oss inom immaterialr\u00e4ttsbranschen p\u00e5 olika s\u00e4tt. Uppdragshuset har till exempel sedan flera \u00e5r en representant i Svenska industrins IP F\u00f6renings styrelse (SIPF) och sitter med i styrelsen f\u00f6r det europeiska samarbetet f\u00f6r informationsspecialister CEPIUG, (Confederation of European Patent Information User Groups) via den svenska dotterf\u00f6reningen SIPIG (Svenska IP Informations Gruppen). Vi \u00e4r \u00e4ven aktiva i det europeiska arbetet f\u00f6r framtagandet av en standard kring Innovation Management, med en representant i SIS arbetsgrupp.\r\n\r\nVi \u00e4r anslutna till Sepaf, branschf\u00f6reningen f\u00f6r patentbyr\u00e5er i Sverige. Dess syfte \u00e4r att uppr\u00e4tth\u00e5lla god etik och h\u00f6g yrkesskicklighet i branschen. Sepafs allm\u00e4nna uppdragsvillkor \u00e4r en trygghet f\u00f6r kunderna. Etikkommitt\u00e9n \u00f6vervakar att de etiska riktlinjerna f\u00f6ljs, den byr\u00e5 som bryter mot regelverket st\u00e4lls till ansvar.\r\n\r\n<em><strong>Uppdragshuset debatterar och utbildar\r\n<\/strong><\/em>Vi engagerar oss aktivt i branschfr\u00e5gor och debatterar immaterialr\u00e4ttsfr\u00e5gor i olika medier. Uppdragshuset har bjudits in som talare vid flera internationella konferenser, bl.a. IRFs (Information Retrieval Faculty) symposium 2010 i Wien och EPOPIC (European Patent Office Information Conference) 2008 i Stockholm.\r\n\r\nUppdragshuset st\u00f6djer aktivt spridning av teknikinformation genom att tillhandah\u00e5lla sajten Nordiska Patent. D\u00e4r finns samtliga patent fr\u00e5n de nordiska l\u00e4nderna, kostnadsfritt s\u00f6kbara f\u00f6r allm\u00e4nheten.\r\n\r\n<em><strong>V\u00e4lg\u00f6renhet\r\n<\/strong><\/em>Uppdragshuset har sedan verksamhetsstarten bidragit till olika v\u00e4lg\u00f6rande \u00e4ndam\u00e5l. I dagsl\u00e4get st\u00f6djer vi\u00a0BRIS, Hj\u00e4rt & Lungfonden samt Snilleblixtarna.\r\n\r\n\u00a0[:en]Uppdragshuset has been engaged in the intellectual property rights industry in several ways right from the start. Uppdragshuset has, for example, been a member of the board of the Association of IP Professionals in Swedish Industry (SIPF) for many years, and is a member of the board of the Confederation of European Patent Information User Groups (CEPIUG) through its Swedish subsidiary Svenska IP Informations Gruppen (SIPIG). We are active also in the European work in developing a standard for Innovation Management, through our representative in the SIS working group.\r\n\r\nWe are members of the Association of Intellectual Property Law Firms in Sweden (SEPAF). The association is committed to promoting and upholding ethics and a high degree of professional skill in the industry. The general conditions published by SEPAF provide security of customers, while the ethical committee at the association oversees that the ethical guidelines are followed, and that any agency that contravenes the regulations is held to account.\r\n\r\n<strong>Uppdragshuset debates and educates<\/strong>\r\nWe are actively engaged in issues in the industry, and debate matters relating to intellectual property rights in various media. Uppdragshuset has been invited to speak at several international conferences, including the Information Retrieval Faculty (IRF) symposium in 2010 in Vienna, and the European Patent Office Information Conference (EPOPIC) in Stockholm in 2008.\r\n\r\nWe promote the active spreading of technical information by the website we have established for this, Nordiska Patent. The site contains all patents from the Nordic countries, and is freely available to everyone.\r\n\r\n<strong>Charity<\/strong>\r\nUppdragshuset has contributed to several charitable causes, right from the start. We are currently supporting BRIS (Children\u2019s Rights in Society), the Swedish Heart-Lung Foundation, and Snilleblixtarna (Flashes of Genius).[:]","_et_gb_content_width":"","footnotes":""},"class_list":["post-3892","page","type-page","status-publish","has-post-thumbnail","hentry"],"acf":[],"_links":{"self":[{"href":"https:\/\/uppdragshuset.se\/de\/wp-json\/wp\/v2\/pages\/3892","targetHints":{"allow":["GET"]}}],"collection":[{"href":"https:\/\/uppdragshuset.se\/de\/wp-json\/wp\/v2\/pages"}],"about":[{"href":"https:\/\/uppdragshuset.se\/de\/wp-json\/wp\/v2\/types\/page"}],"author":[{"embeddable":true,"href":"https:\/\/uppdragshuset.se\/de\/wp-json\/wp\/v2\/users\/11"}],"replies":[{"embeddable":true,"href":"https:\/\/uppdragshuset.se\/de\/wp-json\/wp\/v2\/comments?post=3892"}],"version-history":[{"count":4,"href":"https:\/\/uppdragshuset.se\/de\/wp-json\/wp\/v2\/pages\/3892\/revisions"}],"predecessor-version":[{"id":3897,"href":"https:\/\/uppdragshuset.se\/de\/wp-json\/wp\/v2\/pages\/3892\/revisions\/3897"}],"up":[{"embeddable":true,"href":"https:\/\/uppdragshuset.se\/de\/wp-json\/wp\/v2\/pages\/3869"}],"wp:featuredmedia":[{"embeddable":true,"href":"https:\/\/uppdragshuset.se\/de\/wp-json\/wp\/v2\/media\/3397"}],"wp:attachment":[{"href":"https:\/\/uppdragshuset.se\/de\/wp-json\/wp\/v2\/media?parent=3892"}],"curies":[{"name":"wp","href":"https:\/\/api.w.org\/{rel}","templated":true}]}}