{"id":3930,"date":"2012-06-29T09:18:10","date_gmt":"2012-06-29T07:18:10","guid":{"rendered":"https:\/\/uppdragshuset.se\/services\/"},"modified":"2021-11-22T12:17:37","modified_gmt":"2021-11-22T11:17:37","slug":"dienstleistungen","status":"publish","type":"page","link":"https:\/\/uppdragshuset.se\/de\/dienstleistungen\/","title":{"rendered":"Dienstleistungen"},"content":{"rendered":"<p>[et_pb_section fb_built=&#8220;1&#8243; fullwidth=&#8220;on&#8220; module_class=&#8220;custom-header-small&#8220; _builder_version=&#8220;4.8.1&#8243; bottom_divider_style=&#8220;wave2&#8243; bottom_divider_color=&#8220;#ffffff&#8220; bottom_divider_height=&#8220;38px&#8220; global_colors_info=&#8220;{}&#8220;][et_pb_fullwidth_slider show_pagination=&#8220;off&#8220; use_bg_overlay=&#8220;off&#8220; use_text_overlay=&#8220;off&#8220; _builder_version=&#8220;4.13.1&#8243; header_level=&#8220;h1&#8243; header_font=&#8220;|600|||||||&#8220; header_text_align=&#8220;left&#8220; header_font_size=&#8220;35px&#8220; background_color=&#8220;#ffffff&#8220; custom_margin=&#8220;||||false|false&#8220; custom_padding=&#8220;10%|60px|10%|60px|true|true&#8220; auto=&#8220;on&#8220; auto_speed=&#8220;6000&#8243; auto_ignore_hover=&#8220;on&#8220; custom_css_slide_description=&#8220;padding-top:0 !important;||padding-bottom: 0 !Important;&#8220; global_colors_info=&#8220;{}&#8220;][et_pb_slide heading=&#8220;Dienstleistungen&#8220; button_link=&#8220;https:\/\/uppdragshuset.se\/tjanster\/validitet\/&#8220; _builder_version=&#8220;4.13.1&#8243; header_text_align=&#8220;left&#8220; background_color=&#8220;#e17d00&#8243; background_enable_color=&#8220;on&#8220; background_color_gradient_direction=&#8220;90deg&#8220; background_image=&#8220;https:\/\/uppdragshuset.se\/wp-content\/uploads\/2021\/05\/services_5.jpg&#8220; background_enable_image=&#8220;on&#8220; background_size=&#8220;initial&#8220; background_position=&#8220;center_right&#8220; text_orientation=&#8220;left&#8220; global_colors_info=&#8220;{}&#8220; sticky_transition=&#8220;on&#8220;][\/et_pb_slide][\/et_pb_fullwidth_slider][\/et_pb_section][et_pb_section fb_built=&#8220;1&#8243; admin_label=&#8220;section&#8220; _builder_version=&#8220;3.22&#8243; global_colors_info=&#8220;{}&#8220;][et_pb_row column_structure=&#8220;2_3,1_3&#8243; use_custom_gutter=&#8220;on&#8220; admin_label=&#8220;row&#8220; _builder_version=&#8220;4.4.7&#8243; background_size=&#8220;initial&#8220; background_position=&#8220;top_left&#8220; background_repeat=&#8220;repeat&#8220; global_colors_info=&#8220;{}&#8220;][et_pb_column type=&#8220;2_3&#8243; _builder_version=&#8220;3.25&#8243; custom_padding=&#8220;|||&#8220; global_colors_info=&#8220;{}&#8220; custom_padding__hover=&#8220;|||&#8220;][et_pb_text admin_label=&#8220;Text&#8220; _builder_version=&#8220;4.13.1&#8243; background_size=&#8220;initial&#8220; background_position=&#8220;top_left&#8220; background_repeat=&#8220;repeat&#8220; hover_enabled=&#8220;0&#8243; global_colors_info=&#8220;{}&#8220; sticky_enabled=&#8220;0&#8243;]<\/p>\n<h2>Allgemeine Informationen \u00fcber unsere Dienstleistungen<\/h2>\n<p>Ein Innovationsprozess umfasst von der ersten Idee bis zur Produkteinf\u00fchrung mehrere Schritte der Entscheidungsfindung und Priorit\u00e4tensetzung. Um diese Schritte erfolgreich und effizient durchf\u00fchren zu k\u00f6nnen, ist es notwendig, Zugang zu genauen, gut zusammengestellten und pr\u00e4zisen Informationen zu haben, die auf das spezifische Projekt zugeschnitten sind.<\/p>\n<p>Bei Uppdragshuset sind wir bereit, auf Ihre Bed\u00fcrfnisse einzugehen, wo auch immer Sie sich im Innovationsprozess befinden. Ganz gleich, ob Sie zu Beginn eines Projekts ein Brainstorming durchf\u00fchren, sich in einer Entwicklungsphase befinden, die Markteinf\u00fchrung vorbereiten oder sich gegen eine Patentschutzklage eines Wettbewerbers wehren wollen \u2013 wir helfen Ihnen dabei.<\/p>\n<p>Typische Themen unserer Arbeit sind:<br \/>\n\u2022 Recherche in einem bestimmten Technologiebereich, um einen gelungenen Projektstart zu gew\u00e4hrleisten<br \/>\n\u2022 Definition bereits bekannter Technologien rund um eine Idee und Suche nach Patentm\u00f6glichkeiten<br \/>\n\u2022 Analyse und Erfassung von Trends in einem bestimmten technischen Bereich<br \/>\n\u2022 Untersuchung der G\u00fcltigkeit eines Patents<br \/>\n\u2022 Bewertung des Risikos der Rechtsverletzung eines Produkts in Bezug auf bestehende Patente<br \/>\n\u2022 \u00dcberwachung der Technologie, Wettbewerber oder M\u00e4rkte<\/p>\n<p>Auf den jeweiligen Seiten erfahren Sie mehr \u00fcber unsere Dienstleistungen.<\/p>\n<p>&nbsp;<\/p>\n<h2>Beauftragung<\/h2>\n<p>Sie k\u00f6nnen sich mit uns in Verbindung setzen und uns wie folgt mit Ihrem Anliegen beauftragen:<\/p>\n<p>\u2022 \u00dcber ArchiveOnline. Weitere Informationen \u00fcber ArchiveOnline finden Sie auf unserer Website <a href=\"\/de\/tools\/\" target=\"_blank\" rel=\"noopener noreferrer\">read more about ArchiveOnline on our website<\/a> oder unter <a href=\"http:\/\/www.archiveonline.se\" target=\"_blank\" rel=\"noopener noreferrer\">http:\/\/www.archiveonline.se.<\/a><br \/>\n\u2022 Per E-Mail an <a href=\"mailto:info@uppdragshuset.se\">info@uppdragshuset.se<\/a> oder postalisch an Uppdragshuset Sverige AB, Maria Skolgata 83, 118 53 Stockholm, Schweden.<br \/>\n\u2022 Bei einem Termin <a href=\"\/book-a-meeting\">hier<\/a>.<br \/>\n\u2022 \u00dcber unser Patentverwaltungssystem (PMS) verwenden. Wir haben Erfahrung mit mehreren PMS.<\/p>\n<p>Nach Ihrer Kontaktaufnahme besprechen wir mit Ihnen die Einzelheiten Ihres Falles, einschlie\u00dflich der gew\u00fcnschten Lieferform. Auf dieser Grundlage erhalten Sie einen Kostenvoranschlag und einen voraussichtlichen Liefertermin f\u00fcr Ihren Fall.<\/p>\n<p>Bitte bedenken Sie, dass wir umso effizienter arbeiten und somit bessere Ergebnisse liefern k\u00f6nnen, je gr\u00fcndlicher das von Ihnen bereitgestellte Material vorbereitet ist. Falls Sie bereits eigene Recherchen durchgef\u00fchrt haben, freuen wir uns, wenn Sie diese im Auftrag beschreiben.[\/et_pb_text][\/et_pb_column][et_pb_column type=&#8220;1_3&#8243; _builder_version=&#8220;3.25&#8243; custom_padding=&#8220;|||&#8220; global_colors_info=&#8220;{}&#8220; custom_padding__hover=&#8220;|||&#8220;][et_pb_sidebar orientation=&#8220;right&#8220; show_border=&#8220;off&#8220; _builder_version=&#8220;4.8.1&#8243; sticky_position=&#8220;top&#8220; sticky_limit_bottom=&#8220;section&#8220; motion_trigger_start=&#8220;top&#8220; sticky_position_tablet=&#8220;none&#8220; sticky_position_phone=&#8220;&#8220; sticky_position_last_edited=&#8220;on|phone&#8220; saved_tabs=&#8220;all&#8220; global_colors_info=&#8220;{}&#8220;][\/et_pb_sidebar][\/et_pb_column][\/et_pb_row][\/et_pb_section]<\/p>\n","protected":false},"excerpt":{"rendered":"<p>Allgemeine Informationen \u00fcber unsere Dienstleistungen Ein Innovationsprozess umfasst von der ersten Idee bis zur Produkteinf\u00fchrung mehrere Schritte der Entscheidungsfindung und Priorit\u00e4tensetzung. Um diese Schritte erfolgreich und effizient durchf\u00fchren zu k\u00f6nnen, ist es notwendig, Zugang zu genauen, gut zusammengestellten und pr\u00e4zisen Informationen zu haben, die auf das spezifische Projekt zugeschnitten sind. Bei Uppdragshuset sind wir bereit, [&hellip;]<\/p>\n","protected":false},"author":11,"featured_media":0,"parent":0,"menu_order":0,"comment_status":"open","ping_status":"closed","template":"","meta":{"_acf_changed":false,"_et_pb_use_builder":"on","_et_pb_old_content":"[:sv]<h1>Allm\u00e4nt om v\u00e5ra tj\u00e4nster<\/h1>\r\nGenom hela innovationsprocessens kr\u00e4vs anpassad information f\u00f6r att st\u00f6dja beslut och prioriteringar. Det \u00e4r viktigt att skapa ett s\u00e5 koncist underlag som m\u00f6jligt f\u00f6r att effektivisera vidareutvecklingen av ett projekt.\r\n\r\nUppdragshuset m\u00f6ter dina behov oavsett var du befinner dig i innovationsprocessen; om du st\u00e5r inf\u00f6r att p\u00e5b\u00f6rja ett utvecklingsarbete, om projektet befinner sig i utvecklingsfasen inf\u00f6r en lansering eller om konkurrenter h\u00e4vdar sina patentskydd p\u00e5 marknaden. Typiska fr\u00e5gest\u00e4llningar som vi utg\u00e5r fr\u00e5n i v\u00e5ra uppdrag kan vara:\r\n<ul>\r\n \t<li>Skanna av ett teknikomr\u00e5de som underlag inf\u00f6r projektstart<\/li>\r\n \t<li>Analysera och kartl\u00e4gga trender inom ett teknikomr\u00e5de<\/li>\r\n \t<li>Definiera k\u00e4nd teknik kring en id\u00e9 och avg\u00f6ra m\u00f6jligheten till patent<\/li>\r\n \t<li>Unders\u00f6ka giltigheten hos ett patent<\/li>\r\n \t<li>Bed\u00f6ma intr\u00e5ngsrisken f\u00f6r en produkt i f\u00f6rh\u00e5llande till befintliga patent<\/li>\r\n \t<li>Bevakning av teknikomr\u00e5den, konkurrenter, marknad etc. samt legal status av ans\u00f6kningar\/patent<\/li>\r\n \t<li>F\u00f6rst\u00e5 skillnad mellan olika verktyg inom immaterialr\u00e4tten och hur det p\u00e5verkar verksamheten<\/li>\r\n<\/ul>\r\nDu kan skicka in din best\u00e4llning via e-mail: <a href=\"mailto:info@uppdragshuset.se\">info@uppdragshuset.se<\/a>[:en]<h1>General information about our services<\/h1>\r\nCustomised information is required throughout the innovation process to support decisions and to set priorities. It is important to create as concise a support base as possible, in order to ensure that further development of a project is efficient.\r\n\r\nUppdragshuset meets your needs, no matter where you are in the innovation process. Whether you are on the threshold of a project, in a development phase to prepare for launch, or countering a claim from a competitor regarding patent protection \u2013 come talk with us.\r\n\r\nTypical issues that can form the basis for our commissions are:\r\n<ul>\r\n \t<li><strong>Searching a specific area of technology<\/strong>\u00a0to support a strong project start.<\/li>\r\n \t<li><strong>Analysing and mapping trends<\/strong>\u00a0in a specific technical area<\/li>\r\n \t<li><strong>Defining known technologies<\/strong>\u00a0around an idea and researching possibilities to patent it<\/li>\r\n \t<li><strong>Investigating the validity<\/strong>\u00a0of a patent<\/li>\r\n \t<li><strong>Assessing the infringement risk<\/strong>\u00a0of a product in relation to existing patents<\/li>\r\n \t<li><strong>Monitoring an area of technology<\/strong>, competitors, markets, etc., and the legal status of applications and patents<\/li>\r\n \t<li><strong>Distinguishing between various tools<\/strong>\u00a0within intellectual property rights and how this affects activities.<\/li>\r\n<\/ul>[:]","_et_gb_content_width":"","footnotes":""},"class_list":["post-3930","page","type-page","status-publish","hentry"],"acf":[],"_links":{"self":[{"href":"https:\/\/uppdragshuset.se\/de\/wp-json\/wp\/v2\/pages\/3930","targetHints":{"allow":["GET"]}}],"collection":[{"href":"https:\/\/uppdragshuset.se\/de\/wp-json\/wp\/v2\/pages"}],"about":[{"href":"https:\/\/uppdragshuset.se\/de\/wp-json\/wp\/v2\/types\/page"}],"author":[{"embeddable":true,"href":"https:\/\/uppdragshuset.se\/de\/wp-json\/wp\/v2\/users\/11"}],"replies":[{"embeddable":true,"href":"https:\/\/uppdragshuset.se\/de\/wp-json\/wp\/v2\/comments?post=3930"}],"version-history":[{"count":6,"href":"https:\/\/uppdragshuset.se\/de\/wp-json\/wp\/v2\/pages\/3930\/revisions"}],"predecessor-version":[{"id":4015,"href":"https:\/\/uppdragshuset.se\/de\/wp-json\/wp\/v2\/pages\/3930\/revisions\/4015"}],"wp:attachment":[{"href":"https:\/\/uppdragshuset.se\/de\/wp-json\/wp\/v2\/media?parent=3930"}],"curies":[{"name":"wp","href":"https:\/\/api.w.org\/{rel}","templated":true}]}}