{"id":3938,"date":"2012-09-14T09:00:18","date_gmt":"2012-09-14T07:00:18","guid":{"rendered":"https:\/\/uppdragshuset.se\/dienstleistungen\/novelty-searches\/"},"modified":"2021-11-22T09:33:52","modified_gmt":"2021-11-22T08:33:52","slug":"neuheitensuche","status":"publish","type":"page","link":"https:\/\/uppdragshuset.se\/de\/dienstleistungen\/neuheitensuche\/","title":{"rendered":"Neuheitensuche"},"content":{"rendered":"<p>[et_pb_section fb_built=&#8220;1&#8243; fullwidth=&#8220;on&#8220; module_class=&#8220;custom-header-small&#8220; _builder_version=&#8220;4.8.1&#8243; bottom_divider_style=&#8220;wave2&#8243; bottom_divider_color=&#8220;#ffffff&#8220; bottom_divider_height=&#8220;38px&#8220; global_colors_info=&#8220;{}&#8220;][et_pb_fullwidth_slider show_pagination=&#8220;off&#8220; use_bg_overlay=&#8220;off&#8220; use_text_overlay=&#8220;off&#8220; _builder_version=&#8220;4.13.1&#8243; header_level=&#8220;h1&#8243; header_font=&#8220;|600|||||||&#8220; header_text_align=&#8220;left&#8220; header_font_size=&#8220;35px&#8220; background_color=&#8220;#ffffff&#8220; custom_margin=&#8220;||||false|false&#8220; custom_padding=&#8220;10%|60px|10%|60px|true|true&#8220; auto=&#8220;on&#8220; auto_speed=&#8220;6000&#8243; auto_ignore_hover=&#8220;on&#8220; custom_css_slide_description=&#8220;padding-top:0 !important;||padding-bottom: 0 !Important;&#8220; global_colors_info=&#8220;{}&#8220;][et_pb_slide heading=&#8220;Neuheitensuche&#8220; button_link=&#8220;https:\/\/uppdragshuset.se\/tjanster\/validitet\/&#8220; _builder_version=&#8220;4.13.1&#8243; header_text_align=&#8220;left&#8220; background_color=&#8220;#e17d00&#8243; background_enable_color=&#8220;on&#8220; background_color_gradient_direction=&#8220;90deg&#8220; background_image=&#8220;https:\/\/uppdragshuset.se\/wp-content\/uploads\/2021\/05\/services_5.jpg&#8220; background_enable_image=&#8220;on&#8220; background_size=&#8220;initial&#8220; background_position=&#8220;center_right&#8220; text_orientation=&#8220;left&#8220; global_colors_info=&#8220;{}&#8220; sticky_transition=&#8220;on&#8220;][\/et_pb_slide][\/et_pb_fullwidth_slider][\/et_pb_section][et_pb_section fb_built=&#8220;1&#8243; admin_label=&#8220;section&#8220; _builder_version=&#8220;3.22&#8243; global_colors_info=&#8220;{}&#8220;][et_pb_row column_structure=&#8220;2_3,1_3&#8243; use_custom_gutter=&#8220;on&#8220; admin_label=&#8220;row&#8220; _builder_version=&#8220;4.8.1&#8243; background_color=&#8220;#FFFFFF&#8220; background_size=&#8220;initial&#8220; background_position=&#8220;top_left&#8220; background_repeat=&#8220;repeat&#8220; global_colors_info=&#8220;{}&#8220;][et_pb_column type=&#8220;2_3&#8243; _builder_version=&#8220;3.25&#8243; custom_padding=&#8220;|||&#8220; global_colors_info=&#8220;{}&#8220; custom_padding__hover=&#8220;|||&#8220;][et_pb_text admin_label=&#8220;Text&#8220; _builder_version=&#8220;4.13.1&#8243; background_size=&#8220;initial&#8220; background_position=&#8220;top_left&#8220; background_repeat=&#8220;repeat&#8220; hover_enabled=&#8220;0&#8243; global_colors_info=&#8220;{}&#8220; sticky_enabled=&#8220;0&#8243;]<\/p>\n<p>Bei einer Neuheitensuche wollen wir einen \u00dcberblick \u00fcber die bekannte Technologie (den Stand der Technik) rund um eine Idee oder ein Produkt erstellen. Der Umfang der Analyse wird in Absprache mit Ihnen festgelegt. Sie k\u00f6nnen zwischen vier Pauschalangeboten w\u00e4hlen, die sich durch den Zeitaufwand unterscheiden, den wir f\u00fcr Ihren Fall aufwenden, was wiederum den Umfang der Untersuchung und das Format des Berichts bestimmt. Selbstverst\u00e4ndlich k\u00f6nnen Sie das Zeitbudget auch selbst bestimmen. Dann wenden wir unseren Stundensatz an.<\/p>\n<p>Es versteht sich von selbst, dass die Wahrscheinlichkeit, relevantes Material zu finden, umso gr\u00f6\u00dfer ist, je mehr Zeit wir f\u00fcr die Recherche zur Verf\u00fcgung haben, um schlie\u00dflich ein zuverl\u00e4ssigeres Ergebnis zu erzielen. Manchmal reicht jedoch eine begrenzte Zeitspanne aus, um einen Fall zufriedenstellend zu beurteilen. Dank unserer Erfahrung und unseres Fachwissens k\u00f6nnen wir Ihnen fundierte Empfehlungen hinsichtlich des erforderlichen Zeitbudgets f\u00fcr Ihren konkreten Fall geben. Dabei ber\u00fccksichtigen wir sowohl Ihr erfinderisches Konzept als auch Ihre Anforderungen in Bezug auf das Berichtsformat, die von uns herangezogenen Ressourcen oder die Anzahl der zitierten Dokumente.<\/p>\n<p>Je gr\u00fcndlicher vorbereitet das Material ist, das wir erhalten, desto besser sind unsere Ergebnisse. Aus diesem Grund empfehlen wir Ihnen, das erfinderische Konzept auf der Grundlage des zu l\u00f6senden Problems und des L\u00f6sungsvorschlags zu formulieren und dabei insbesondere die wichtigsten Merkmale hervorzuheben, durch die sich das erfinderische Konzept von bekannten L\u00f6sungen unterscheidet. Wir empfehlen, die Erfindung knapp zu formulieren (auf einer halben bis zwei Seiten) und zum besseren Verst\u00e4ndnis Abbildungen beizuf\u00fcgen. Falls Sie bereits eigene Recherchen durchgef\u00fchrt haben, freuen wir uns, wenn Sie diese im Auftrag beschreiben.<\/p>\n<p>Nachfolgend finden Sie die Beschreibungen unserer vier Pauschalangebote f\u00fcr die Neuheitensuche.<\/p>\n<p>&nbsp;<\/p>\n<h3>Knock-Out-Recherche<\/h3>\n<p>Auf der Grundlage Ihres Falles f\u00fchren wir eine kurze Untersuchung durch und \u00fcbermitteln Ihnen einen Bericht mit einer Liste von Dokumenten, die wir als relevant eingestuft haben. Ein solcher Bericht soll einen Hinweis auf Chancen oder Risiken geben und damit die Entscheidungsfindung f\u00fcr die Zukunft der jeweiligen Idee erleichtern.<\/p>\n<p>&nbsp;<\/p>\n<h3>Grundlegende Neuheitensuche<\/h3>\n<p>Hierbei f\u00fchren wir eine gr\u00fcndlichere Recherche durch, die sich in erster Linie auf Ausz\u00fcge aus Patentunterlagen und m\u00f6glicherweise andere Fachliteratur st\u00fctzt. Der Bericht enth\u00e4lt eine kurze Analyse und Kommentare zu dem betreffenden Technologiebereich.<\/p>\n<p>&nbsp;<\/p>\n<h3>Standard-Neuheitensuche<\/h3>\n<p>Dabei f\u00fchren wir eine umfassende Recherche zur Technologie durch, die sich nicht nur auf Patentinformationen, sondern auch auf Fachliteratur, sowohl Zusammenfassungen als auch auf Volltexte, st\u00fctzt. Der Bericht enth\u00e4lt eine Analyse und Kommentare zum Zusammenhang zwischen den Hauptmerkmalen und dem zitierten Stand der Technik.<\/p>\n<p>&nbsp;<\/p>\n<h3>Erweiterte Neuheitensuche<\/h3>\n<p>Hierbei f\u00fchren wir eine Recherche durch, die der eines nationalen Patentamtes entspricht, und st\u00fctzen uns dabei auf verschiedene Informationsquellen (Patentdokumente und andere Fachliteratur). Die Recherche st\u00fctzt sich h\u00e4ufig auf Entw\u00fcrfe von Patentanspr\u00fcchen. Wir erstellen einen Bericht, der eine ausf\u00fchrliche Analyse und Kommentare enth\u00e4lt.<\/p>\n<p>[\/et_pb_text][\/et_pb_column][et_pb_column type=&#8220;1_3&#8243; _builder_version=&#8220;3.25&#8243; custom_padding=&#8220;|||&#8220; global_colors_info=&#8220;{}&#8220; custom_padding__hover=&#8220;|||&#8220;][et_pb_sidebar orientation=&#8220;right&#8220; show_border=&#8220;off&#8220; _builder_version=&#8220;4.8.1&#8243; sticky_position=&#8220;top&#8220; sticky_limit_bottom=&#8220;section&#8220; motion_trigger_start=&#8220;top&#8220; sticky_position_tablet=&#8220;none&#8220; sticky_position_phone=&#8220;&#8220; sticky_position_last_edited=&#8220;on|phone&#8220; saved_tabs=&#8220;all&#8220; global_colors_info=&#8220;{}&#8220;][\/et_pb_sidebar][\/et_pb_column][\/et_pb_row][\/et_pb_section]<\/p>\n","protected":false},"excerpt":{"rendered":"<p>Bei einer Neuheitensuche wollen wir einen \u00dcberblick \u00fcber die bekannte Technologie (den Stand der Technik) rund um eine Idee oder ein Produkt erstellen. Der Umfang der Analyse wird in Absprache mit Ihnen festgelegt. Sie k\u00f6nnen zwischen vier Pauschalangeboten w\u00e4hlen, die sich durch den Zeitaufwand unterscheiden, den wir f\u00fcr Ihren Fall aufwenden, was wiederum den Umfang [&hellip;]<\/p>\n","protected":false},"author":11,"featured_media":3371,"parent":3930,"menu_order":100,"comment_status":"open","ping_status":"closed","template":"","meta":{"_acf_changed":false,"_et_pb_use_builder":"on","_et_pb_old_content":"[:sv]Vi tar fram en bild \u00f6ver den k\u00e4nda tekniken kring en id\u00e9 eller en produkt. Det kan handla om allt fr\u00e5n en allm\u00e4n \u00f6versikt till en ing\u00e5ende analys av k\u00e4nd teknik. Ambitionsniv\u00e5n best\u00e4ms i samr\u00e5d med dig och du kan v\u00e4lja mellan olika paketl\u00f6sningar till fast pris eller debitering l\u00f6pande per timme. Skillnaden \u00e4r den tid vi har till v\u00e5rt f\u00f6rfogande, vilket avspeglar sig i unders\u00f6kningens omfattning och utformningen av rapporten.\r\n\r\n<em><strong>L\u00e4ngre tid ger \u00f6kad tillf\u00f6rlitlighet\r\n<\/strong><\/em>Ibland r\u00e4cker kortare tidsintervall f\u00f6r att kunna g\u00f6ra en adekvat bed\u00f6mning av teknikl\u00e4get i ett uppdrag. Men om inget har dykt upp p\u00e5 den tiden beh\u00f6ver det inte inneb\u00e4ra att det inte finns n\u00e5got relevant att h\u00e4mta i informationsm\u00e4ngden. Med mer tid \u00f6kar sannolikheten f\u00f6r att viktigt material som finns ocks\u00e5 hittas.\r\n\r\nDetta \u00e4r alltid en avv\u00e4gning mellan budget och syfte, d\u00e4r v\u00e5r erfarenhet \u00e4r viktig f\u00f6r att kunna ge r\u00e4tt rekommendationer. V\u00e5r referenspunkt \u00e4r en handl\u00e4ggning hos det europeiska patentverket (EPO). I bilden nedan framg\u00e5r hur v\u00e5ra olika paket (l\u00e4s h\u00e4rintill f\u00f6r mer information) f\u00f6rh\u00e5ller sig i relation till EPO. Sj\u00e4lvklart f\u00f6r vi en dialog d\u00e4r du kan ge \u00f6nskem\u00e5l om var vi s\u00f6ker, hur vi utformar rapporten och antal citerade dokument. Typiska uppl\u00e4gg f\u00f6r v\u00e5ra paket framg\u00e5r nedan, och notera att vi g\u00e4rna anpassar inneh\u00e5ll och avrapportering efter \u00f6nskem\u00e5l.\r\n\r\n<img class=\"alignnone wp-image-3404 size-full\" title=\"diagram\" src=\"https:\/\/uppdragshuset.se\/wp-content\/uploads\/2012\/09\/diagram.jpg\" alt=\"\" width=\"420\" height=\"250\" \/>\r\n<h3>Teknik\u00f6versikt<\/h3>\r\nEn summarisk genomg\u00e5ng av teknikomr\u00e5det. En lista med relaterad teknik och \u00f6versiktliga kommentarer av teknikl\u00e4get levereras i en kortfattad rapport. Ger en indikation om m\u00f6jligheter och risker, och vad fokus kan vara n\u00e4sta steg.\r\n<h3>Baspaket<\/h3>\r\nEn mer grundl\u00e4ggande unders\u00f6kning av teknikl\u00e4get. Utg\u00e5r fr\u00e4mst fr\u00e5n sammandrag ur patent och patentans\u00f6kningar och eventuellt annan teknisk litteratur. Rapporten inneh\u00e5ller en kort analys av och kommentarer om det aktuella teknikomr\u00e5det.\r\n<h3>Standardpaket<\/h3>\r\nEn mer djupg\u00e5ende unders\u00f6kning av teknikl\u00e4get utifr\u00e5n b\u00e5de patentinformation och teknisk litteratur med h\u00e4nsyn till b\u00e5de sammandrag och fulltext. En rapport med analys och kommentarer av koppling mellan specifika s\u00e4rdrag och refererade h\u00e4nvisningar f\u00f6r teknikens st\u00e5ndpunkt levereras normalt.\r\n<h3>Ut\u00f6kat paket<\/h3>\r\nEn unders\u00f6kning motsvarande en myndighetsgranskning fr\u00e5n patentverk, inkluderande flera olika informationsk\u00e4llor (b\u00e5de patentinformation och teknisk litteratur). Unders\u00f6kningen utg\u00e5r ofta fr\u00e5n skissade patentkrav. En rapport med mer utt\u00f6mmande analys och kommentarer levereras.\r\n\r\n\u00a0[:en]We produce an overview of known technology (the prior art) around an idea or a product: anything from a simple general survey to a deep analysis. The level of ambition is determined in consultation with you, and you can choose between various fixed-price packages and hourly charging. These differ in the amount of time that we have available, and this determines the extent of the investigation and the design of the report.\r\n\r\n<em><strong>The more time we use, the more reliable is the result<\/strong><\/em>\r\n\r\nA limited amount of time is sometimes sufficient for a satisfactory assessment of the technological situation. If nothing is found within this time, however, it does not necessarily mean that there is nothing relevant to be retrieved in the information sources. The more time we use, the greater is the probability that existing important material can be found.\r\n\r\nA balance must always be made between budget and purpose, and our experience is important here, and enables us to give sound recommendations. Our reference point is case management at the European Patent Office (EPO). The diagram below illustrates how our various searches (described below) relate to EPO case management.\r\n\r\nNaturally, we are in continual dialogue with you, and you can express your wishes about what sources we use, how we design the report, and the number of documents cited. Some typical descriptions of our packages are given below. Note, however, that we are happy to adapt the content and the form or reporting to your wishes.\r\n\r\n<img class=\"alignnone wp-image-3456 size-medium\" title=\"diagram\" src=\"https:\/\/uppdragshuset.se\/wp-content\/uploads\/2012\/09\/diagram_eng-420x250.jpg\" alt=\"\" width=\"420\" height=\"250\" \/>\r\n<h3>Technical survey<\/h3>\r\nA brief assessment of the area of technology. A list of related technology and brief summaries of the current technology are supplied in a brief report. This report provides an indication of the opportunities and risks, and what the next stage should focus on.\r\n<h3>Basic novelty search<\/h3>\r\nA more thorough search, primarily based on extracts from patents and patent applications, and may include information from other technical literature. The report contains a brief analysis and comments relating to the relevant area of technology.\r\n<h3>Standard novelty search<\/h3>\r\nA deeper investigation of the area of technology based not only on patent information but also technical literature, and including both abstract searches and full-text searches. A report with an analysis and comments concerning the connection between key features and cited prior art references is normally provided.\r\n<h3>Extended novelty search<\/h3>\r\nAn investigation that is equivalent to one carried out by a national patent office, based on several different sources of information (not only patent information but also other technical literature). The investigation is often based on draft patent claims. A report that presents an exhaustive analysis and comments is provided.\r\n\r\n\u00a0[:]","_et_gb_content_width":"","footnotes":""},"class_list":["post-3938","page","type-page","status-publish","has-post-thumbnail","hentry"],"acf":[],"_links":{"self":[{"href":"https:\/\/uppdragshuset.se\/de\/wp-json\/wp\/v2\/pages\/3938","targetHints":{"allow":["GET"]}}],"collection":[{"href":"https:\/\/uppdragshuset.se\/de\/wp-json\/wp\/v2\/pages"}],"about":[{"href":"https:\/\/uppdragshuset.se\/de\/wp-json\/wp\/v2\/types\/page"}],"author":[{"embeddable":true,"href":"https:\/\/uppdragshuset.se\/de\/wp-json\/wp\/v2\/users\/11"}],"replies":[{"embeddable":true,"href":"https:\/\/uppdragshuset.se\/de\/wp-json\/wp\/v2\/comments?post=3938"}],"version-history":[{"count":4,"href":"https:\/\/uppdragshuset.se\/de\/wp-json\/wp\/v2\/pages\/3938\/revisions"}],"predecessor-version":[{"id":3942,"href":"https:\/\/uppdragshuset.se\/de\/wp-json\/wp\/v2\/pages\/3938\/revisions\/3942"}],"up":[{"embeddable":true,"href":"https:\/\/uppdragshuset.se\/de\/wp-json\/wp\/v2\/pages\/3930"}],"wp:featuredmedia":[{"embeddable":true,"href":"https:\/\/uppdragshuset.se\/de\/wp-json\/wp\/v2\/media\/3371"}],"wp:attachment":[{"href":"https:\/\/uppdragshuset.se\/de\/wp-json\/wp\/v2\/media?parent=3938"}],"curies":[{"name":"wp","href":"https:\/\/api.w.org\/{rel}","templated":true}]}}