{"id":3943,"date":"2011-09-05T10:38:31","date_gmt":"2011-09-05T08:38:31","guid":{"rendered":"https:\/\/uppdragshuset.se\/dienstleistungen\/validity-searches\/"},"modified":"2021-11-22T09:38:08","modified_gmt":"2021-11-22T08:38:08","slug":"gueltigkeitsrecherche","status":"publish","type":"page","link":"https:\/\/uppdragshuset.se\/de\/dienstleistungen\/gueltigkeitsrecherche\/","title":{"rendered":"G\u00fcltigkeitsrecherche"},"content":{"rendered":"<p>[et_pb_section fb_built=&#8220;1&#8243; fullwidth=&#8220;on&#8220; module_class=&#8220;custom-header-small&#8220; _builder_version=&#8220;4.8.1&#8243; bottom_divider_style=&#8220;wave2&#8243; bottom_divider_color=&#8220;#ffffff&#8220; bottom_divider_height=&#8220;38px&#8220; global_colors_info=&#8220;{}&#8220;][et_pb_fullwidth_slider show_pagination=&#8220;off&#8220; use_bg_overlay=&#8220;off&#8220; use_text_overlay=&#8220;off&#8220; _builder_version=&#8220;4.13.1&#8243; header_level=&#8220;h1&#8243; header_font=&#8220;|600|||||||&#8220; header_text_align=&#8220;left&#8220; header_font_size=&#8220;35px&#8220; background_color=&#8220;#ffffff&#8220; custom_margin=&#8220;||||false|false&#8220; custom_padding=&#8220;10%|60px|10%|60px|true|true&#8220; auto=&#8220;on&#8220; auto_speed=&#8220;6000&#8243; auto_ignore_hover=&#8220;on&#8220; custom_css_slide_description=&#8220;padding-top:0 !important;||padding-bottom: 0 !Important;&#8220; global_colors_info=&#8220;{}&#8220;][et_pb_slide heading=&#8220;G\u00fcltigkeitsrecherche&#8220; button_link=&#8220;https:\/\/uppdragshuset.se\/tjanster\/validitet\/&#8220; _builder_version=&#8220;4.13.1&#8243; header_text_align=&#8220;left&#8220; background_color=&#8220;#e17d00&#8243; background_enable_color=&#8220;on&#8220; background_color_gradient_direction=&#8220;90deg&#8220; background_image=&#8220;https:\/\/uppdragshuset.se\/wp-content\/uploads\/2021\/05\/services_5.jpg&#8220; background_enable_image=&#8220;on&#8220; background_size=&#8220;initial&#8220; background_position=&#8220;center_right&#8220; text_orientation=&#8220;left&#8220; global_colors_info=&#8220;{}&#8220; sticky_transition=&#8220;on&#8220;][\/et_pb_slide][\/et_pb_fullwidth_slider][\/et_pb_section][et_pb_section fb_built=&#8220;1&#8243; admin_label=&#8220;section&#8220; _builder_version=&#8220;3.22&#8243; global_colors_info=&#8220;{}&#8220;][et_pb_row column_structure=&#8220;2_3,1_3&#8243; admin_label=&#8220;row&#8220; _builder_version=&#8220;3.25&#8243; background_size=&#8220;initial&#8220; background_position=&#8220;top_left&#8220; background_repeat=&#8220;repeat&#8220; global_colors_info=&#8220;{}&#8220;][et_pb_column type=&#8220;2_3&#8243; _builder_version=&#8220;3.25&#8243; custom_padding=&#8220;|||&#8220; global_colors_info=&#8220;{}&#8220; custom_padding__hover=&#8220;|||&#8220;][et_pb_text admin_label=&#8220;Text&#8220; _builder_version=&#8220;4.13.1&#8243; background_size=&#8220;initial&#8220; background_position=&#8220;top_left&#8220; background_repeat=&#8220;repeat&#8220; hover_enabled=&#8220;0&#8243; global_colors_info=&#8220;{}&#8220; sticky_enabled=&#8220;0&#8243;]<\/p>\n<p>Bei einer G\u00fcltigkeitsrecherche zielen wir darauf ab, erg\u00e4nzendes, neuheitsbehinderndes Material zu identifizieren, das ein Patent betrifft, wenn es zu einem Einspruch oder einem Rechtsstreit \u00fcber die Nichtigerkl\u00e4rung oder Lizenzierung kommt. Wir recherchieren auch, ob das Patent ordnungsgem\u00e4\u00df erteilt wurde, und k\u00f6nnen m\u00f6gliche Beschr\u00e4nkungen beurteilen. Dieser Ansatz umfasst eine Analyse der bisherigen Arbeit, die h\u00e4ufig zu neuen Wegen f\u00fcr unsere Recherchen f\u00fchrt. Dabei gehen wir u. a. von folgenden Fragen aus:<\/p>\n<p>\u2022 Welche nationalen Patent\u00e4mter haben Recherchen durchgef\u00fchrt und welche Dokumente haben sie als relevant identifiziert?<br \/>\u2022 Welche Datenbanken standen zum damaligen Zeitpunkt zur Verf\u00fcgung, und welche Suchprofile wurden verwendet?<br \/>\u2022 Wann wurden die letzten Recherchen durchgef\u00fchrt?<\/p>\n<p>&nbsp;<\/p>\n<p>Auf der Grundlage dieser Analyse entwerfen wir dann eine geeignete Recherchestrategie, bei der wir die neuesten und gr\u00f6\u00dften kommerziellen Datenbanken f\u00fcr Patente und wissenschaftliche Artikel nutzen, um so m\u00f6glichst alle Ver\u00f6ffentlichungen zu finden, die die G\u00fcltigkeit des untersuchten Patents in Frage stellen k\u00f6nnten. Die Recherchen werden in mehreren Sprachen durchgef\u00fchrt, um sicherzustellen, dass nichts bei der \u00dcbersetzung untergeht. In der Regel st\u00fctzt sich unser Bericht auf ein \u201eAnspruchsdiagramm\u201c, in dem die Ergebnisse den einzelnen Merkmalen der Anspr\u00fcche zugeordnet werden.<\/p>\n<p>&nbsp;<\/p>\n<p>Je gr\u00fcndlicher vorbereitet das Material ist, das wir erhalten, desto besser sind unsere Ergebnisse. Aus diesem Grund empfehlen wir Ihnen, bei Ihrem Auftrag zur G\u00fcltigkeitsrecherche nicht nur die Patentnummer und die zu recherchierenden Anspr\u00fcche anzugeben, sondern auch einen Stichtag, den wir f\u00fcr die Zwecke der Recherche verwenden sollen, und ob Sie m\u00f6chten, dass wir uns auf bestimmte Gerichtsbarkeiten, Rechtsnachfolger oder Nicht-Patentdatenbanken konzentrieren (oder diese ausschlie\u00dfen). Falls Sie bereits eigene Recherchen durchgef\u00fchrt haben, freuen wir uns, wenn Sie diese im Auftrag beschreiben. Es empfiehlt sich, vor Beginn der Recherche ein Gespr\u00e4ch zu f\u00fchren, um die wesentlichen Bed\u00fcrfnisse und Details Ihres Recherchefalls zu kl\u00e4ren.<\/p>\n<p>[\/et_pb_text][\/et_pb_column][et_pb_column type=&#8220;1_3&#8243; _builder_version=&#8220;3.25&#8243; custom_padding=&#8220;|||&#8220; global_colors_info=&#8220;{}&#8220; custom_padding__hover=&#8220;|||&#8220;][et_pb_sidebar orientation=&#8220;right&#8220; show_border=&#8220;off&#8220; _builder_version=&#8220;4.8.1&#8243; sticky_position=&#8220;top&#8220; sticky_limit_bottom=&#8220;section&#8220; motion_trigger_start=&#8220;top&#8220; sticky_position_tablet=&#8220;none&#8220; sticky_position_phone=&#8220;&#8220; sticky_position_last_edited=&#8220;on|phone&#8220; saved_tabs=&#8220;all&#8220; global_colors_info=&#8220;{}&#8220;][\/et_pb_sidebar][\/et_pb_column][\/et_pb_row][\/et_pb_section]<\/p>\n","protected":false},"excerpt":{"rendered":"<p>Bei einer G\u00fcltigkeitsrecherche zielen wir darauf ab, erg\u00e4nzendes, neuheitsbehinderndes Material zu identifizieren, das ein Patent betrifft, wenn es zu einem Einspruch oder einem Rechtsstreit \u00fcber die Nichtigerkl\u00e4rung oder Lizenzierung kommt. Wir recherchieren auch, ob das Patent ordnungsgem\u00e4\u00df erteilt wurde, und k\u00f6nnen m\u00f6gliche Beschr\u00e4nkungen beurteilen. Dieser Ansatz umfasst eine Analyse der bisherigen Arbeit, die h\u00e4ufig zu [&hellip;]<\/p>\n","protected":false},"author":11,"featured_media":3378,"parent":3930,"menu_order":90,"comment_status":"open","ping_status":"closed","template":"","meta":{"_acf_changed":false,"_et_pb_use_builder":"on","_et_pb_old_content":"[:sv]Inf\u00f6r en inv\u00e4ndning eller r\u00e4ttsprocess kring invalidering eller licensiering s\u00f6ker vi efter kompletterande, nyhetshindrande material kring ett patent. Vi utreder ocks\u00e5 om patentet \u00e4r r\u00e4tt utf\u00e4rdat och kan bed\u00f6ma m\u00f6jliga begr\u00e4nsningar. I arbetet ing\u00e5r analys om vad som har gjorts tidigare och vi hittar p\u00e5 s\u00e5 s\u00e4tt nya sp\u00e5r f\u00f6r v\u00e5ra s\u00f6kningar, baserat p\u00e5 fr\u00e5gest\u00e4llningar som:\r\n<ul>\r\n \t<li>Vilka patentverk har utf\u00f6rt s\u00f6kningar och vilka dokument har de identifierat som relevanta?<\/li>\r\n \t<li>Vilka databaser hade man att tillg\u00e5 vid tidpunkten och vilka s\u00f6kprofiler anv\u00e4ndes?<\/li>\r\n \t<li>Vilka datum utf\u00f6rdes s\u00f6kningarna?<\/li>\r\n<\/ul>\r\nUtifr\u00e5n analysen utarbetar vi sedan en egen s\u00f6kstrategi. Vi kombinerar alltid flera stora kommersiella patentdatabaser\/artikeldatabaser f\u00f6r att hitta varje eventuellt potentiellt hinder som p\u00e5verkar nyhetsl\u00e4get. S\u00f6kningar utf\u00f6rs p\u00e5 flera spr\u00e5k f\u00f6r att inget ska f\u00f6rloras i \u00f6vers\u00e4ttningen. Spr\u00e5k som vi beh\u00e4rskar flytande \u00e4r engelska, tyska, franska, svenska, finska, arabiska, polska och ryska. Avrapporteringen utg\u00e5r normalt fr\u00e5n en mappning av p\u00e5tr\u00e4ffad dokumentation f\u00f6r respektive s\u00e4rdrag i patentkravet, s\u00e5 kallad claim charting.[:en]We search for supplementary, novelty-obstructing material that concerns a patent, when faced with an objection or lawsuit relating to invalidation or licensing. We also investigate whether the patent has been correctly granted, and we can assess possible limitations. This work includes an analysis of the previous work, and this often leads to new pathways for our searches, based on such questions as:\r\n<ul>\r\n \t<li>Which national patent offices have carried out searches and which documents have they identified as relevant?<\/li>\r\n \t<li>Which databases were available at the time, and which search profiles were used?<\/li>\r\n \t<li>When were the previous searches carried out?<\/li>\r\n<\/ul>\r\nUsing this analysis we then design an appropriate search strategy utilizing the newest, largest commercial patent and article databases to maximize our ability to find every eventual case that can influence or obstruct the current situation.\r\n\r\nThis analysis enables us to develop our own search strategy. We always combine several large commercial patent databases and article databases, such that we can find all possible impediments that affect the assessment of novelty. Searches are carried out in several languages, to ensure that nothing is lost in translation. The languages that we master fluently are English, German, French, Swedish, Finnish, Arabic, Polish and Russian. The report that we draw up is normally based on a mapping of the documentation found for each distinctive feature of the claims, in a process known as \u201cclaim charting\u201d.[:]","_et_gb_content_width":"","footnotes":""},"class_list":["post-3943","page","type-page","status-publish","has-post-thumbnail","hentry"],"acf":[],"_links":{"self":[{"href":"https:\/\/uppdragshuset.se\/de\/wp-json\/wp\/v2\/pages\/3943","targetHints":{"allow":["GET"]}}],"collection":[{"href":"https:\/\/uppdragshuset.se\/de\/wp-json\/wp\/v2\/pages"}],"about":[{"href":"https:\/\/uppdragshuset.se\/de\/wp-json\/wp\/v2\/types\/page"}],"author":[{"embeddable":true,"href":"https:\/\/uppdragshuset.se\/de\/wp-json\/wp\/v2\/users\/11"}],"replies":[{"embeddable":true,"href":"https:\/\/uppdragshuset.se\/de\/wp-json\/wp\/v2\/comments?post=3943"}],"version-history":[{"count":5,"href":"https:\/\/uppdragshuset.se\/de\/wp-json\/wp\/v2\/pages\/3943\/revisions"}],"predecessor-version":[{"id":3953,"href":"https:\/\/uppdragshuset.se\/de\/wp-json\/wp\/v2\/pages\/3943\/revisions\/3953"}],"up":[{"embeddable":true,"href":"https:\/\/uppdragshuset.se\/de\/wp-json\/wp\/v2\/pages\/3930"}],"wp:featuredmedia":[{"embeddable":true,"href":"https:\/\/uppdragshuset.se\/de\/wp-json\/wp\/v2\/media\/3378"}],"wp:attachment":[{"href":"https:\/\/uppdragshuset.se\/de\/wp-json\/wp\/v2\/media?parent=3943"}],"curies":[{"name":"wp","href":"https:\/\/api.w.org\/{rel}","templated":true}]}}