{"id":3949,"date":"2011-09-05T10:38:43","date_gmt":"2011-09-05T08:38:43","guid":{"rendered":"https:\/\/uppdragshuset.se\/dienstleistungen\/freedom-to-operate-searches\/"},"modified":"2021-11-22T09:39:57","modified_gmt":"2021-11-22T08:39:57","slug":"freedom-to-operate-recherchen","status":"publish","type":"page","link":"https:\/\/uppdragshuset.se\/de\/dienstleistungen\/freedom-to-operate-recherchen\/","title":{"rendered":"Freedom-to-Operate-Recherchen"},"content":{"rendered":"<p>[et_pb_section fb_built=&#8220;1&#8243; fullwidth=&#8220;on&#8220; module_class=&#8220;custom-header-small&#8220; _builder_version=&#8220;4.8.1&#8243; bottom_divider_style=&#8220;wave2&#8243; bottom_divider_color=&#8220;#ffffff&#8220; bottom_divider_height=&#8220;38px&#8220; global_colors_info=&#8220;{}&#8220;][et_pb_fullwidth_slider show_pagination=&#8220;off&#8220; use_bg_overlay=&#8220;off&#8220; use_text_overlay=&#8220;off&#8220; _builder_version=&#8220;4.13.1&#8243; header_level=&#8220;h1&#8243; header_font=&#8220;|600|||||||&#8220; header_text_align=&#8220;left&#8220; header_font_size=&#8220;35px&#8220; background_color=&#8220;#ffffff&#8220; custom_margin=&#8220;||||false|false&#8220; custom_padding=&#8220;10%|60px|10%|60px|true|true&#8220; auto=&#8220;on&#8220; auto_speed=&#8220;6000&#8243; auto_ignore_hover=&#8220;on&#8220; custom_css_slide_description=&#8220;padding-top:0 !important;||padding-bottom: 0 !Important;&#8220; global_colors_info=&#8220;{}&#8220;][et_pb_slide heading=&#8220;Freedom-to-Operate-Recherchen&#8220; button_link=&#8220;https:\/\/uppdragshuset.se\/tjanster\/validitet\/&#8220; _builder_version=&#8220;4.13.1&#8243; header_text_align=&#8220;left&#8220; background_color=&#8220;#e17d00&#8243; background_enable_color=&#8220;on&#8220; background_color_gradient_direction=&#8220;90deg&#8220; background_image=&#8220;https:\/\/uppdragshuset.se\/wp-content\/uploads\/2021\/05\/services_5.jpg&#8220; background_enable_image=&#8220;on&#8220; background_size=&#8220;initial&#8220; background_position=&#8220;center_right&#8220; text_orientation=&#8220;left&#8220; global_colors_info=&#8220;{}&#8220; sticky_transition=&#8220;on&#8220;][\/et_pb_slide][\/et_pb_fullwidth_slider][\/et_pb_section][et_pb_section fb_built=&#8220;1&#8243; admin_label=&#8220;section&#8220; _builder_version=&#8220;3.22&#8243; global_colors_info=&#8220;{}&#8220;][et_pb_row column_structure=&#8220;2_3,1_3&#8243; admin_label=&#8220;row&#8220; _builder_version=&#8220;3.25&#8243; background_size=&#8220;initial&#8220; background_position=&#8220;top_left&#8220; background_repeat=&#8220;repeat&#8220; global_colors_info=&#8220;{}&#8220;][et_pb_column type=&#8220;2_3&#8243; _builder_version=&#8220;3.25&#8243; custom_padding=&#8220;|||&#8220; global_colors_info=&#8220;{}&#8220; custom_padding__hover=&#8220;|||&#8220;][et_pb_text admin_label=&#8220;Text&#8220; _builder_version=&#8220;4.13.1&#8243; background_size=&#8220;initial&#8220; background_position=&#8220;top_left&#8220; background_repeat=&#8220;repeat&#8220; hover_enabled=&#8220;0&#8243; global_colors_info=&#8220;{}&#8220; sticky_enabled=&#8220;0&#8243;]<\/p>\n<p>Bei einer Freedom-to-Operate- oder Verletzungsrecherche versuchen wir, Patente von Wettbewerbern zu ermitteln, die die Einf\u00fchrung eines Produkts auf einem bestimmten Markt behindern k\u00f6nnten. Eine solche Recherche kann auch bei der Suche nach externer Finanzierung oder bei der Etablierung in einem neuen Technologiebereich erforderlich sein.<\/p>\n<p>Die verschiedenen Zwecke k\u00f6nnen unterschiedliche Ans\u00e4tze oder Analysetiefen erforderlich machen. Manchmal reicht ein begrenzter Zeitrahmen aus, um einen Fall f\u00fcr einen bestimmten Zweck zufriedenstellend zu bewerten. Deshalb bieten wir neben unserem regul\u00e4ren FTO-Recherchedienst auch ein Pauschalpaket an.<\/p>\n<p>Je gr\u00fcndlicher vorbereitet das Material ist, das wir erhalten, desto besser sind unsere Ergebnisse. Aus diesem Grund empfehlen wir Ihnen, Ihren FTO-Rechercheauftrag auf der Grundlage einer m\u00f6glichst detaillierten Beschreibung Ihres erfinderischen Konzepts zu formulieren und sich dabei auf die wichtigsten Merkmale zu fokussieren, f\u00fcr die Sie eine Freedom-to-Operate-Genehmigung erhalten m\u00f6chten. Teilen Sie uns auch mit, wenn Sie m\u00f6chten, dass wir uns auf bestimmte Gerichtsbarkeiten oder Rechtsnachfolger konzentrieren (oder diese ausschlie\u00dfen). Falls Sie bereits eigene Recherchen durchgef\u00fchrt haben, freuen wir uns, wenn Sie diese im Auftrag beschreiben.<\/p>\n<p>&nbsp;<\/p>\n<h2>FTO-Screening<\/h2>\n<p>Unter FTO-Screening mit festem Budget verstehen wir eine Recherche, die darauf abzielt, Patentdokumente mit den relevantesten Anspruchsbereichen zu finden und zu pr\u00e4sentieren, die das Konzept oder die Schl\u00fcsselmerkmale abdecken, die f\u00fcr Sie von gr\u00f6\u00dftem Interesse sind. Ein FTO-Screening wird als wirksame Strategie zur Bewertung des Verletzungsrisikos angesehen, die gegen ein angemessenes Budget f\u00fcr den Auftrag abgewogen wird, da die Ergebnisse unserer Recherche einen repr\u00e4sentativen \u00dcberblick \u00fcber die Genehmigungssituation geben. Dies ist oft ausreichend f\u00fcr strategische Entscheidungen oder als Hinweis auf die Notwendigkeit weiterer Untersuchungen.<\/p>\n<p>&nbsp;<\/p>\n<h2>FTO-Recherche<\/h2>\n<p>Im Rahmen unseres regul\u00e4ren FTO-Rechercheservices bem\u00fchen wir uns, alle Dokumente zu finden, die ein Verletzungsrisiko darstellen k\u00f6nnten. Da jeder Fall einzigartig ist, werden die Recherchestrategie und das Zeitbudget immer in Absprache mit Ihnen festgelegt.<\/p>\n<p>Der Bericht richtet sich nach den speziellen Anforderungen des jeweiligen Auftrags und kann von einer m\u00fcndlichen Pr\u00e4sentation bis hin zu einer schriftlichen Bewertung und den damit verbundenen Hinweisen auf den Schutzbereich sich \u00fcberschneidender Patentanspr\u00fcche reichen.<\/p>\n<p>[\/et_pb_text][\/et_pb_column][et_pb_column type=&#8220;1_3&#8243; _builder_version=&#8220;3.25&#8243; custom_padding=&#8220;|||&#8220; global_colors_info=&#8220;{}&#8220; custom_padding__hover=&#8220;|||&#8220;][et_pb_sidebar orientation=&#8220;right&#8220; show_border=&#8220;off&#8220; _builder_version=&#8220;4.8.1&#8243; sticky_position=&#8220;top&#8220; sticky_limit_bottom=&#8220;section&#8220; motion_trigger_start=&#8220;top&#8220; sticky_position_tablet=&#8220;none&#8220; sticky_position_phone=&#8220;&#8220; sticky_position_last_edited=&#8220;on|phone&#8220; saved_tabs=&#8220;all&#8220; global_colors_info=&#8220;{}&#8220;][\/et_pb_sidebar][\/et_pb_column][\/et_pb_row][\/et_pb_section]<\/p>\n","protected":false},"excerpt":{"rendered":"<p>Bei einer Freedom-to-Operate- oder Verletzungsrecherche versuchen wir, Patente von Wettbewerbern zu ermitteln, die die Einf\u00fchrung eines Produkts auf einem bestimmten Markt behindern k\u00f6nnten. Eine solche Recherche kann auch bei der Suche nach externer Finanzierung oder bei der Etablierung in einem neuen Technologiebereich erforderlich sein. Die verschiedenen Zwecke k\u00f6nnen unterschiedliche Ans\u00e4tze oder Analysetiefen erforderlich machen. Manchmal [&hellip;]<\/p>\n","protected":false},"author":11,"featured_media":3377,"parent":3930,"menu_order":80,"comment_status":"open","ping_status":"closed","template":"","meta":{"_acf_changed":false,"_et_pb_use_builder":"on","_et_pb_old_content":"[:sv]En intr\u00e5ngsunders\u00f6kning kan beh\u00f6vas\u00a0bland annat inf\u00f6r lansering av en ny produkt, vid extern finansiering eller inf\u00f6r etablering inom nya teknikomr\u00e5den. Det \u00e4r d\u00e5 av yttersta vikt att identifiera potentiella hinder och beroenden till konkurrenters patent p\u00e5 marknaden f\u00f6r att minska risken f\u00f6r intr\u00e5ng. Syftet med en unders\u00f6kning kan dels vara att ta fram aktiva patent vars skyddsomf\u00e5ng t\u00e4cker ett visst omr\u00e5de, dels att ta fram \u00e4ldre k\u00e4nd teknik som utg\u00f6r nyhetshinder p\u00e5 omr\u00e5det.\r\n\r\n<em><strong>Vi utformar s\u00f6kningen i samr\u00e5d med dig\r\n<\/strong><\/em>Vi efterstr\u00e4var alltid en dialog med dig n\u00e4r vi utarbetar v\u00e5ra s\u00f6kprofiler i intr\u00e5ngsunders\u00f6kningar. Alla v\u00e5ra konsulter har erfarenhet fr\u00e5n patentverk vilket ger oss kompetens att analysera och tolka patentkrav. Rapporten utg\u00e5r fr\u00e5n varje uppdrags speciella f\u00f6ruts\u00e4ttningar och kan variera fr\u00e5n en muntlig presentation till en skriftlig bed\u00f6mning med tillh\u00f6rande referenser till \u00f6verlappande patentkravs skyddsomf\u00e5ng.\r\n\r\nSj\u00e4lva uppl\u00e4gget \u00e4r ofta uppdelat i flera steg f\u00f6r att optimera budget kontra resultat. Det kan b\u00f6rja med en f\u00f6runders\u00f6kning utifr\u00e5n ett nyhetsperspektiv men med fokus p\u00e5 kravomf\u00e5ng, f\u00f6ljt av fokuss\u00f6kning p\u00e5 de fr\u00e4msta konkurrenterna\/regionerna samt eventuellt en kompletterande, mer generell s\u00f6kprofil i patentkrav.\r\n\r\n\u00a0[:en]An infringement search may be needed, for example, before the launch of a product, when seeking external financing, or during establishment in a new area of technology. It is vital in such cases to identify possible impediments and dependencies on the patents of competitors on the market, in order to reduce the risk of infringement. The purpose of the investigation may be to identify active patents whose protective scope covers a certain area, or to identify older prior art technology that constitutes an obstruction to novelty in the technical area.\r\n\r\n<em><strong>We design each search in dialog with you\r\n<\/strong><\/em>We always strive to achieve dialogue with you when developing search profiles for infringement searches. All of our consultants have experience from national patent offices, which means that they have the expertise required to analyse and interpret claims. The report is based on the special requirements of each commission, and can be anything from an oral presentation to a written assessment and the associated references to the protective scope of overlapping patent claims.\r\n\r\nThe project is often divided into several stages in order to optimise cost-effectiveness. It can start with a preliminary investigation with a novelty-analysis perspective that focuses on the claim scope. This may be followed by a more focussed search of the primary competitors and regions, and \u2013 where necessary \u2013 by a supplementary, broader search of patent claims.[:]","_et_gb_content_width":"","footnotes":""},"class_list":["post-3949","page","type-page","status-publish","has-post-thumbnail","hentry"],"acf":[],"_links":{"self":[{"href":"https:\/\/uppdragshuset.se\/de\/wp-json\/wp\/v2\/pages\/3949","targetHints":{"allow":["GET"]}}],"collection":[{"href":"https:\/\/uppdragshuset.se\/de\/wp-json\/wp\/v2\/pages"}],"about":[{"href":"https:\/\/uppdragshuset.se\/de\/wp-json\/wp\/v2\/types\/page"}],"author":[{"embeddable":true,"href":"https:\/\/uppdragshuset.se\/de\/wp-json\/wp\/v2\/users\/11"}],"replies":[{"embeddable":true,"href":"https:\/\/uppdragshuset.se\/de\/wp-json\/wp\/v2\/comments?post=3949"}],"version-history":[{"count":4,"href":"https:\/\/uppdragshuset.se\/de\/wp-json\/wp\/v2\/pages\/3949\/revisions"}],"predecessor-version":[{"id":3954,"href":"https:\/\/uppdragshuset.se\/de\/wp-json\/wp\/v2\/pages\/3949\/revisions\/3954"}],"up":[{"embeddable":true,"href":"https:\/\/uppdragshuset.se\/de\/wp-json\/wp\/v2\/pages\/3930"}],"wp:featuredmedia":[{"embeddable":true,"href":"https:\/\/uppdragshuset.se\/de\/wp-json\/wp\/v2\/media\/3377"}],"wp:attachment":[{"href":"https:\/\/uppdragshuset.se\/de\/wp-json\/wp\/v2\/media?parent=3949"}],"curies":[{"name":"wp","href":"https:\/\/api.w.org\/{rel}","templated":true}]}}