{"id":3956,"date":"2012-01-03T13:39:24","date_gmt":"2012-01-03T12:39:24","guid":{"rendered":"https:\/\/uppdragshuset.se\/dienstleistungen\/landscaping-and-technical-screening\/"},"modified":"2021-11-22T09:43:37","modified_gmt":"2021-11-22T08:43:37","slug":"recherche-der-patentlandschaft-und-technisches-screening","status":"publish","type":"page","link":"https:\/\/uppdragshuset.se\/de\/dienstleistungen\/recherche-der-patentlandschaft-und-technisches-screening\/","title":{"rendered":"Recherche der Patentlandschaft und Technisches Screening"},"content":{"rendered":"<p>[et_pb_section fb_built=&#8220;1&#8243; fullwidth=&#8220;on&#8220; module_class=&#8220;custom-header-small&#8220; _builder_version=&#8220;4.8.1&#8243; bottom_divider_style=&#8220;wave2&#8243; bottom_divider_color=&#8220;#ffffff&#8220; bottom_divider_height=&#8220;38px&#8220; global_colors_info=&#8220;{}&#8220;][et_pb_fullwidth_slider show_pagination=&#8220;off&#8220; use_bg_overlay=&#8220;off&#8220; use_text_overlay=&#8220;off&#8220; _builder_version=&#8220;4.13.1&#8243; header_level=&#8220;h1&#8243; header_font=&#8220;|600|||||||&#8220; header_text_align=&#8220;left&#8220; header_font_size=&#8220;35px&#8220; background_color=&#8220;#ffffff&#8220; custom_margin=&#8220;||||false|false&#8220; custom_padding=&#8220;10%|60px|10%|60px|true|true&#8220; auto=&#8220;on&#8220; auto_speed=&#8220;6000&#8243; auto_ignore_hover=&#8220;on&#8220; custom_css_slide_description=&#8220;padding-top:0 !important;||padding-bottom: 0 !Important;&#8220; global_colors_info=&#8220;{}&#8220;][et_pb_slide heading=&#8220;Recherche der Patentlandschaft und Technisches Screening&#8220; button_link=&#8220;https:\/\/uppdragshuset.se\/tjanster\/validitet\/&#8220; _builder_version=&#8220;4.13.1&#8243; header_text_align=&#8220;left&#8220; background_color=&#8220;#e17d00&#8243; background_enable_color=&#8220;on&#8220; background_color_gradient_direction=&#8220;90deg&#8220; background_image=&#8220;https:\/\/uppdragshuset.se\/wp-content\/uploads\/2021\/05\/services_5.jpg&#8220; background_enable_image=&#8220;on&#8220; background_size=&#8220;initial&#8220; background_position=&#8220;center_right&#8220; text_orientation=&#8220;left&#8220; global_colors_info=&#8220;{}&#8220; sticky_transition=&#8220;on&#8220;][\/et_pb_slide][\/et_pb_fullwidth_slider][\/et_pb_section][et_pb_section fb_built=&#8220;1&#8243; admin_label=&#8220;section&#8220; _builder_version=&#8220;3.22&#8243; global_colors_info=&#8220;{}&#8220;][et_pb_row column_structure=&#8220;2_3,1_3&#8243; admin_label=&#8220;row&#8220; _builder_version=&#8220;3.25&#8243; background_size=&#8220;initial&#8220; background_position=&#8220;top_left&#8220; background_repeat=&#8220;repeat&#8220; global_colors_info=&#8220;{}&#8220;][et_pb_column type=&#8220;2_3&#8243; _builder_version=&#8220;3.25&#8243; custom_padding=&#8220;|||&#8220; global_colors_info=&#8220;{}&#8220; custom_padding__hover=&#8220;|||&#8220;][et_pb_text admin_label=&#8220;Text&#8220; _builder_version=&#8220;4.13.1&#8243; background_size=&#8220;initial&#8220; background_position=&#8220;top_left&#8220; background_repeat=&#8220;repeat&#8220; hover_enabled=&#8220;0&#8243; global_colors_info=&#8220;{}&#8220; sticky_enabled=&#8220;0&#8243;]<\/p>\n<h2>Recherche der Patentlandschaft<\/h2>\n<p>Im Rahmen einer Recherche der Patentlandschaft wollen wir Akteure und Tendenzen in einem Technologiebereich anhand von geografischen und zeitlichen Faktoren sowie verwandten Technologien erfassen und analysieren. Der Abbildungs- und Analyseprozess basiert auf Ihren Bed\u00fcrfnissen. Diese Arbeit kann von einer technischen Untersuchung vor Beginn eines Projekts bis hin zur Erstellung einer vollst\u00e4ndigen Patentlandschaft reichen, um Bedrohungen und Chancen innerhalb eines Technologiebereichs oder einer Gruppe von Akteuren zu ermitteln. Die Pr\u00e4sentation der Ergebnisse kann in Form von Patentdokumenten und Statistiken oder in Form eines ausf\u00fchrlichen Berichts mit Kommentaren, Grafiken und Diagrammen sowie Analysen erfolgen.<\/p>\n<p>&nbsp;<\/p>\n<h2>Technisches Screening<\/h2>\n<p>Im Rahmen eines technischen Screenings versuchen wir, einen repr\u00e4sentativen Teil aller ver\u00f6ffentlichten Dokumente zu einem bestimmten Fachgebiet zu ermitteln und die gesammelten Informationen f\u00fcr Ihre Zwecke m\u00f6glichst effizient zu analysieren und zusammenzustellen. Die Recherchestrategie und die Art der Berichterstattung werden, wie bei unseren anderen Dienstleistungen auch, in Zusammenarbeit mit Ihnen festgelegt.<\/p>\n<p>[\/et_pb_text][\/et_pb_column][et_pb_column type=&#8220;1_3&#8243; _builder_version=&#8220;3.25&#8243; custom_padding=&#8220;|||&#8220; global_colors_info=&#8220;{}&#8220; custom_padding__hover=&#8220;|||&#8220;][et_pb_sidebar orientation=&#8220;right&#8220; show_border=&#8220;off&#8220; _builder_version=&#8220;4.8.1&#8243; sticky_position=&#8220;top&#8220; sticky_limit_bottom=&#8220;section&#8220; motion_trigger_start=&#8220;top&#8220; sticky_position_tablet=&#8220;none&#8220; sticky_position_phone=&#8220;&#8220; sticky_position_last_edited=&#8220;on|phone&#8220; saved_tabs=&#8220;all&#8220; global_colors_info=&#8220;{}&#8220;][\/et_pb_sidebar][\/et_pb_column][\/et_pb_row][\/et_pb_section]<\/p>\n","protected":false},"excerpt":{"rendered":"<p>Recherche der Patentlandschaft Im Rahmen einer Recherche der Patentlandschaft wollen wir Akteure und Tendenzen in einem Technologiebereich anhand von geografischen und zeitlichen Faktoren sowie verwandten Technologien erfassen und analysieren. Der Abbildungs- und Analyseprozess basiert auf Ihren Bed\u00fcrfnissen. Diese Arbeit kann von einer technischen Untersuchung vor Beginn eines Projekts bis hin zur Erstellung einer vollst\u00e4ndigen Patentlandschaft [&hellip;]<\/p>\n","protected":false},"author":11,"featured_media":3477,"parent":3930,"menu_order":70,"comment_status":"open","ping_status":"closed","template":"","meta":{"_acf_changed":false,"_et_pb_use_builder":"on","_et_pb_old_content":"[:sv]Vi g\u00f6r en kartl\u00e4ggning och analys av ett teknikomr\u00e5des akt\u00f6rer och trender utifr\u00e5n till exempel geografiska, teknikm\u00e4ssiga eller tidsm\u00e4ssiga preferenser. Kartl\u00e4ggningarna utg\u00e5r ifr\u00e5n dina behov och m\u00e5lgruppen f\u00f6r det levererade resultatet. Det kan inneb\u00e4ra allt ifr\u00e5n en teknisk skanning inf\u00f6r projektstart till att skapa ett helt patentlandskap f\u00f6r identifiering av hot och m\u00f6jligheter inom ett teknikomr\u00e5de eller en grupp akt\u00f6rer.\r\n\r\nResultatet kan presenteras i form av patentdokument och statistik eller en detaljerad rapport med kommentarer, grafer\/diagram och analyser.[:en]We survey and analyse the players and trends in an area of technology based on such factors as geography, technology and time. The mapping process is based on your needs and the target group for the result. It may include anything from a technical scan before starting a project to creating a complete patent landscape in order to identify threats and opportunities within an area of technology or a group of players.\r\n\r\nThe result can be presented in the form of patent documents and statistics, or a detailed report with comments, graphs and diagrams, and analysis.[:]","_et_gb_content_width":"","footnotes":""},"class_list":["post-3956","page","type-page","status-publish","has-post-thumbnail","hentry"],"acf":[],"_links":{"self":[{"href":"https:\/\/uppdragshuset.se\/de\/wp-json\/wp\/v2\/pages\/3956","targetHints":{"allow":["GET"]}}],"collection":[{"href":"https:\/\/uppdragshuset.se\/de\/wp-json\/wp\/v2\/pages"}],"about":[{"href":"https:\/\/uppdragshuset.se\/de\/wp-json\/wp\/v2\/types\/page"}],"author":[{"embeddable":true,"href":"https:\/\/uppdragshuset.se\/de\/wp-json\/wp\/v2\/users\/11"}],"replies":[{"embeddable":true,"href":"https:\/\/uppdragshuset.se\/de\/wp-json\/wp\/v2\/comments?post=3956"}],"version-history":[{"count":4,"href":"https:\/\/uppdragshuset.se\/de\/wp-json\/wp\/v2\/pages\/3956\/revisions"}],"predecessor-version":[{"id":3960,"href":"https:\/\/uppdragshuset.se\/de\/wp-json\/wp\/v2\/pages\/3956\/revisions\/3960"}],"up":[{"embeddable":true,"href":"https:\/\/uppdragshuset.se\/de\/wp-json\/wp\/v2\/pages\/3930"}],"wp:featuredmedia":[{"embeddable":true,"href":"https:\/\/uppdragshuset.se\/de\/wp-json\/wp\/v2\/media\/3477"}],"wp:attachment":[{"href":"https:\/\/uppdragshuset.se\/de\/wp-json\/wp\/v2\/media?parent=3956"}],"curies":[{"name":"wp","href":"https:\/\/api.w.org\/{rel}","templated":true}]}}