{"id":3962,"date":"2011-09-05T10:38:04","date_gmt":"2011-09-05T08:38:04","guid":{"rendered":"https:\/\/uppdragshuset.se\/dienstleistungen\/monitoring-services\/"},"modified":"2021-11-22T09:45:46","modified_gmt":"2021-11-22T08:45:46","slug":"ueberwachungsdienstleistungen","status":"publish","type":"page","link":"https:\/\/uppdragshuset.se\/de\/dienstleistungen\/ueberwachungsdienstleistungen\/","title":{"rendered":"\u00dcberwachungsdienstleistungen"},"content":{"rendered":"<p>[et_pb_section fb_built=&#8220;1&#8243; fullwidth=&#8220;on&#8220; module_class=&#8220;custom-header-small&#8220; _builder_version=&#8220;4.8.1&#8243; bottom_divider_style=&#8220;wave2&#8243; bottom_divider_color=&#8220;#ffffff&#8220; bottom_divider_height=&#8220;38px&#8220; global_colors_info=&#8220;{}&#8220;][et_pb_fullwidth_slider show_pagination=&#8220;off&#8220; use_bg_overlay=&#8220;off&#8220; use_text_overlay=&#8220;off&#8220; _builder_version=&#8220;4.13.1&#8243; header_level=&#8220;h1&#8243; header_font=&#8220;|600|||||||&#8220; header_text_align=&#8220;left&#8220; header_font_size=&#8220;35px&#8220; background_color=&#8220;#ffffff&#8220; custom_margin=&#8220;||||false|false&#8220; custom_padding=&#8220;10%|60px|10%|60px|true|true&#8220; auto=&#8220;on&#8220; auto_speed=&#8220;6000&#8243; auto_ignore_hover=&#8220;on&#8220; custom_css_slide_description=&#8220;padding-top:0 !important;||padding-bottom: 0 !Important;&#8220; global_colors_info=&#8220;{}&#8220;][et_pb_slide heading=&#8220;\u00dcberwachungsdienstleistungen&#8220; button_link=&#8220;https:\/\/uppdragshuset.se\/tjanster\/validitet\/&#8220; _builder_version=&#8220;4.13.1&#8243; header_text_align=&#8220;left&#8220; background_color=&#8220;#e17d00&#8243; background_enable_color=&#8220;on&#8220; background_color_gradient_direction=&#8220;90deg&#8220; background_image=&#8220;https:\/\/uppdragshuset.se\/wp-content\/uploads\/2021\/05\/services_5.jpg&#8220; background_enable_image=&#8220;on&#8220; background_size=&#8220;initial&#8220; background_position=&#8220;center_right&#8220; text_orientation=&#8220;left&#8220; global_colors_info=&#8220;{}&#8220; sticky_transition=&#8220;on&#8220;][\/et_pb_slide][\/et_pb_fullwidth_slider][\/et_pb_section][et_pb_section fb_built=&#8220;1&#8243; admin_label=&#8220;section&#8220; _builder_version=&#8220;3.22&#8243; global_colors_info=&#8220;{}&#8220;][et_pb_row column_structure=&#8220;2_3,1_3&#8243; admin_label=&#8220;row&#8220; _builder_version=&#8220;3.25&#8243; background_size=&#8220;initial&#8220; background_position=&#8220;top_left&#8220; background_repeat=&#8220;repeat&#8220; global_colors_info=&#8220;{}&#8220;][et_pb_column type=&#8220;2_3&#8243; _builder_version=&#8220;3.25&#8243; custom_padding=&#8220;|||&#8220; global_colors_info=&#8220;{}&#8220; custom_padding__hover=&#8220;|||&#8220;][et_pb_text admin_label=&#8220;Text&#8220; _builder_version=&#8220;4.13.1&#8243; background_size=&#8220;initial&#8220; background_position=&#8220;top_left&#8220; background_repeat=&#8220;repeat&#8220; hover_enabled=&#8220;0&#8243; global_colors_info=&#8220;{}&#8220; sticky_enabled=&#8220;0&#8243;]<\/p>\n<p>Uppdragshuset ist ein Komplettanbieter f\u00fcr Wettbewerbs\u00fcberwachung und kombiniert das Fachwissen unserer Berater mit unserem webbasierten System ArchiveOnline. W\u00e4hrend des gesamten Prozesses werden Sie unterst\u00fctzt, von der Einrichtung von Profilen und dem Erhalt von Material aus ArchiveOnline bis hin zur kontinuierlichen \u00dcberwachung und Aktualisierung der Rechercheprofile.<\/p>\n<p>In Zusammenarbeit mit Ihnen ermitteln wir Ihre Bed\u00fcrfnisse und Ressourcen und besprechen dann den Zweck und den Umfang der \u00dcberwachung, damit das Ergebnis optimal ist.<\/p>\n<p>Anschlie\u00dfend erstellen wir ein \u00dcberwachungsprofil Ihrer Wettbewerber und\/oder des Technologiebereichs. Unser Ziel ist es, dass das Profil den gew\u00fcnschten Technologiebereich abdeckt und korrekte Treffer liefert (hoher Recall), gleichzeitig aber einen akzeptablen Rauschpegel und eine angemessene Trefferzahl aufweist (hohe Pr\u00e4zision). Oft verfolgen wir das Ziel, dass das Profil nicht mehr als eine vereinbarte Anzahl von Treffern pro Lieferung generiert, damit Sie Zeit und Geld sparen.<\/p>\n<p>Nach der ersten Lieferung k\u00f6nnen wir das Profil weiterverfolgen und optimieren. Sie erhalten das Ergebnis und klassifizieren die gefundenen Dokumente als relevant oder irrelevant. Wir verwenden diese Informationen, um das Profil zu \u00fcberarbeiten. Sp\u00e4ter werden Ihnen die \u00dcberwachungsergebnisse so oft zugesandt, wie Sie es w\u00fcnschen.<\/p>\n<p>F\u00fcr eine noch effizientere Handhabung der \u00dcberwachungsdokumentation kann ArchiveOnline durch das Workflow-Modul erg\u00e4nzt werden.<\/p>\n<p>[\/et_pb_text][\/et_pb_column][et_pb_column type=&#8220;1_3&#8243; _builder_version=&#8220;3.25&#8243; custom_padding=&#8220;|||&#8220; global_colors_info=&#8220;{}&#8220; custom_padding__hover=&#8220;|||&#8220;][et_pb_sidebar orientation=&#8220;right&#8220; show_border=&#8220;off&#8220; _builder_version=&#8220;4.8.1&#8243; sticky_position=&#8220;top&#8220; sticky_limit_bottom=&#8220;section&#8220; motion_trigger_start=&#8220;top&#8220; sticky_position_tablet=&#8220;none&#8220; sticky_position_phone=&#8220;&#8220; sticky_position_last_edited=&#8220;on|phone&#8220; saved_tabs=&#8220;all&#8220; global_colors_info=&#8220;{}&#8220;][\/et_pb_sidebar][\/et_pb_column][\/et_pb_row][\/et_pb_section]<\/p>\n","protected":false},"excerpt":{"rendered":"<p>Uppdragshuset ist ein Komplettanbieter f\u00fcr Wettbewerbs\u00fcberwachung und kombiniert das Fachwissen unserer Berater mit unserem webbasierten System ArchiveOnline. W\u00e4hrend des gesamten Prozesses werden Sie unterst\u00fctzt, von der Einrichtung von Profilen und dem Erhalt von Material aus ArchiveOnline bis hin zur kontinuierlichen \u00dcberwachung und Aktualisierung der Rechercheprofile. In Zusammenarbeit mit Ihnen ermitteln wir Ihre Bed\u00fcrfnisse und Ressourcen [&hellip;]<\/p>\n","protected":false},"author":11,"featured_media":3375,"parent":3930,"menu_order":60,"comment_status":"open","ping_status":"closed","template":"","meta":{"_acf_changed":false,"_et_pb_use_builder":"on","_et_pb_old_content":"[:sv]Uppdragshuset \u00e4r en helhetsleverant\u00f6r av bevakningar och kombinerar v\u00e5ra konsulters kompetens med v\u00e5rt webbaserade verktyg\u00a0<a title=\"ArchiveOnline\" href=\"https:\/\/archiveonline.se\/\" target=\"_blank\" rel=\"noopener\">ArchiveOnline<\/a>.\u00a0Du kan f\u00e5 st\u00f6d genom hela processen, med alltifr\u00e5n att s\u00e4tta upp profiler och f\u00e5 leverans via <a title=\"ArchiveOnline\" href=\"https:\/\/archiveonline.se\/\" target=\"_blank\" rel=\"noopener\">ArchiveOnline<\/a>\u00a0till att kontinuerligt se \u00f6ver och uppdatera profiler.\r\n<h3>Analys<\/h3>\r\nTillsammans identifierar vi dina behov och resurser. D\u00e4refter g\u00e5r vi igenom syftet och omfattningen av bevakningen f\u00f6r att uppn\u00e5 ett optimalt resultat.\r\n<h3>Bevakningsprofiler<\/h3>\r\nI samr\u00e5d med dig arbetar vi fram en bevakningsprofil av konkurrenter och\/eller teknikomr\u00e5den. Ambitionen \u00e4r att l\u00e4gga upp en profil som t\u00e4cker in det \u00f6nskade teknikomr\u00e5det med en bra tr\u00e4ffbild (h\u00f6g recall), och som samtidigt ger en godtagbar brusniv\u00e5 och \u00f6versk\u00e5dlig m\u00e4ngd tr\u00e4ffar (h\u00f6g precision). Ofta har vi \u00f6nskem\u00e5l p\u00e5 att profilen inte f\u00e5r generera mer \u00e4n ett visst antal tr\u00e4ffar per leverans.\r\n<h3>Optimering<\/h3>\r\nEfter den f\u00f6rsta leveransen kan vi f\u00f6lja upp och optimera profilen. Du f\u00e5r resultatet och kategoriserar bra respektive d\u00e5liga dokument. Baserat p\u00e5 detta omarbetar vi profilen i syfte att optimera resultatet. Bevakningarna levereras sedan enligt dina \u00f6nskem\u00e5l, till exempel en g\u00e5ng i m\u00e5naden.\r\n\r\nF\u00f6r hantering av bevakningar kan <a title=\"ArchiveOnline\" href=\"https:\/\/archiveonline.se\/\" target=\"_blank\" rel=\"noopener\">ArchiveOnline<\/a>\u00a0kompletteras med till\u00e4ggsmodulen <a href=\"..\/..\/produkter\/archiveonline\/\">Workflow<\/a>.[:en]Uppdragshuset is a comprehensive supplier of competitive surveillance and combines the expertise of our consultants with our web-based system\u00a0<a title=\"ArchiveOnline\" href=\"https:\/\/archiveonline.se\/\" target=\"_blank\" rel=\"noopener\">ArchiveOnline<\/a>.\u00a0You can obtain support throughout the process, with everything from setting up profiles and receiving material from\u00a0<a title=\"ArchiveOnline\" href=\"https:\/\/archiveonline.se\/\" target=\"_blank\" rel=\"noopener\">ArchiveOnline<\/a>\u00a0\u00a0to continuous monitoring and updating of search profiles.\r\n<h3>Analysis<\/h3>\r\nWe identify your requirements and resources in collaboration with you. We then discuss the purpose and scope of the surveillance in order to achieve the optimal result.\r\n<h3>Surveillance profiles<\/h3>\r\nIn collaboration with you, we draw up a surveillance profile of your competitors and\/or the area of technology. It is our ambition to create a profile that covers the desired area of technology and gives correct hits (high recall), while at the same time is subject to an acceptable noise level and a suitable number of hits (high precision). It is often our goal that the profile is not to generate more than a specified (agreed upon) number of hits in each delivery, saving you time and money.\r\n<h3>Optimisation<\/h3>\r\nWe can follow up and optimise the profile after the first delivery. You receive the result and then classify the documents found as relevant or irrelevant. We use this information to revise the profile in order to optimise the result. The surveillance results are subsequently sent as often as you wish (once a month, for example).\r\n\r\nFor even better handling of the surveillance documentation\u00a0<a title=\"ArchiveOnline\" href=\"https:\/\/archiveonline.se\/\" target=\"_blank\" rel=\"noopener\">ArchiveOnline<\/a>\u00a0can be supplemented with the\u00a0<a href=\"\/en\/products\/archiveonline\/\">Workflow<\/a>\u00a0module.[:]","_et_gb_content_width":"","footnotes":""},"class_list":["post-3962","page","type-page","status-publish","has-post-thumbnail","hentry"],"acf":[],"_links":{"self":[{"href":"https:\/\/uppdragshuset.se\/de\/wp-json\/wp\/v2\/pages\/3962","targetHints":{"allow":["GET"]}}],"collection":[{"href":"https:\/\/uppdragshuset.se\/de\/wp-json\/wp\/v2\/pages"}],"about":[{"href":"https:\/\/uppdragshuset.se\/de\/wp-json\/wp\/v2\/types\/page"}],"author":[{"embeddable":true,"href":"https:\/\/uppdragshuset.se\/de\/wp-json\/wp\/v2\/users\/11"}],"replies":[{"embeddable":true,"href":"https:\/\/uppdragshuset.se\/de\/wp-json\/wp\/v2\/comments?post=3962"}],"version-history":[{"count":4,"href":"https:\/\/uppdragshuset.se\/de\/wp-json\/wp\/v2\/pages\/3962\/revisions"}],"predecessor-version":[{"id":3967,"href":"https:\/\/uppdragshuset.se\/de\/wp-json\/wp\/v2\/pages\/3962\/revisions\/3967"}],"up":[{"embeddable":true,"href":"https:\/\/uppdragshuset.se\/de\/wp-json\/wp\/v2\/pages\/3930"}],"wp:featuredmedia":[{"embeddable":true,"href":"https:\/\/uppdragshuset.se\/de\/wp-json\/wp\/v2\/media\/3375"}],"wp:attachment":[{"href":"https:\/\/uppdragshuset.se\/de\/wp-json\/wp\/v2\/media?parent=3962"}],"curies":[{"name":"wp","href":"https:\/\/api.w.org\/{rel}","templated":true}]}}