{"id":3969,"date":"2011-09-05T10:38:56","date_gmt":"2011-09-05T08:38:56","guid":{"rendered":"https:\/\/uppdragshuset.se\/dienstleistungen\/on-site-resources\/"},"modified":"2021-11-22T09:47:53","modified_gmt":"2021-11-22T08:47:53","slug":"vor-ort-ressourcen","status":"publish","type":"page","link":"https:\/\/uppdragshuset.se\/de\/dienstleistungen\/vor-ort-ressourcen\/","title":{"rendered":"Vor-Ort-Ressourcen"},"content":{"rendered":"<p>[et_pb_section fb_built=&#8220;1&#8243; fullwidth=&#8220;on&#8220; module_class=&#8220;custom-header-small&#8220; _builder_version=&#8220;4.8.1&#8243; bottom_divider_style=&#8220;wave2&#8243; bottom_divider_color=&#8220;#ffffff&#8220; bottom_divider_height=&#8220;38px&#8220; global_colors_info=&#8220;{}&#8220;][et_pb_fullwidth_slider show_pagination=&#8220;off&#8220; use_bg_overlay=&#8220;off&#8220; use_text_overlay=&#8220;off&#8220; _builder_version=&#8220;4.13.1&#8243; header_level=&#8220;h1&#8243; header_font=&#8220;|600|||||||&#8220; header_text_align=&#8220;left&#8220; header_font_size=&#8220;35px&#8220; background_color=&#8220;#ffffff&#8220; custom_margin=&#8220;||||false|false&#8220; custom_padding=&#8220;10%|60px|10%|60px|true|true&#8220; auto=&#8220;on&#8220; auto_speed=&#8220;6000&#8243; auto_ignore_hover=&#8220;on&#8220; custom_css_slide_description=&#8220;padding-top:0 !important;||padding-bottom: 0 !Important;&#8220; global_colors_info=&#8220;{}&#8220;][et_pb_slide heading=&#8220;Vor-Ort-Ressourcen&#8220; button_link=&#8220;https:\/\/uppdragshuset.se\/tjanster\/validitet\/&#8220; _builder_version=&#8220;4.13.1&#8243; header_text_align=&#8220;left&#8220; background_color=&#8220;#e17d00&#8243; background_enable_color=&#8220;on&#8220; background_color_gradient_direction=&#8220;90deg&#8220; background_image=&#8220;https:\/\/uppdragshuset.se\/wp-content\/uploads\/2021\/05\/services_5.jpg&#8220; background_enable_image=&#8220;on&#8220; background_size=&#8220;initial&#8220; background_position=&#8220;center_right&#8220; text_orientation=&#8220;left&#8220; global_colors_info=&#8220;{}&#8220; sticky_transition=&#8220;on&#8220;][\/et_pb_slide][\/et_pb_fullwidth_slider][\/et_pb_section][et_pb_section fb_built=&#8220;1&#8243; admin_label=&#8220;section&#8220; _builder_version=&#8220;3.22&#8243; global_colors_info=&#8220;{}&#8220;][et_pb_row column_structure=&#8220;2_3,1_3&#8243; admin_label=&#8220;row&#8220; _builder_version=&#8220;3.25&#8243; background_size=&#8220;initial&#8220; background_position=&#8220;top_left&#8220; background_repeat=&#8220;repeat&#8220; global_colors_info=&#8220;{}&#8220;][et_pb_column type=&#8220;2_3&#8243; _builder_version=&#8220;3.25&#8243; custom_padding=&#8220;|||&#8220; global_colors_info=&#8220;{}&#8220; custom_padding__hover=&#8220;|||&#8220;][et_pb_text admin_label=&#8220;Text&#8220; _builder_version=&#8220;4.13.1&#8243; background_size=&#8220;initial&#8220; background_position=&#8220;top_left&#8220; background_repeat=&#8220;repeat&#8220; hover_enabled=&#8220;0&#8243; global_colors_info=&#8220;{}&#8220; sticky_enabled=&#8220;0&#8243;]<\/p>\n<p>Bei Bedarf kann unser Berater oder Beraterteam beauftragt werden, mit Ihnen vor Ort oder virtuell zusammenzuarbeiten. Diese L\u00f6sung verbessert die Interaktion zwischen Ingenieuren\/Rechtsanw\u00e4lten und Beratern von Uppdragshuset und f\u00fchrt zu einer effizienteren Arbeit und Berichterstattung. Unsere Berater werden Teil Ihrer Patentabteilung und bieten Ihnen die Flexibilit\u00e4t, gro\u00dfe Projekte oder Arbeitsspitzen zu bew\u00e4ltigen und gleichzeitig das Tagesgesch\u00e4ft aufrechtzuerhalten. Die Berater sind darauf geschult, sich mit Ihren Prozessen und Technologien auszukennen, und k\u00f6nnen Ihrem Unternehmen damit nahtlose Flexibilit\u00e4t bieten.<\/p>\n<p>Die Berater von Uppdragshuset k\u00f6nnen ihre F\u00e4higkeiten zur Informationsrecherche einbringen und den Kunden bei Entscheidungen in Bezug auf Patente unterst\u00fctzen. Au\u00dferdem k\u00f6nnen sie dazu beitragen, das Bewusstsein f\u00fcr die Rechte an geistigem Eigentum in Projektgruppen, Forschungsabteilungen usw. zu sch\u00e4rfen. <\/p>\n<p>[\/et_pb_text][\/et_pb_column][et_pb_column type=&#8220;1_3&#8243; _builder_version=&#8220;3.25&#8243; custom_padding=&#8220;|||&#8220; global_colors_info=&#8220;{}&#8220; custom_padding__hover=&#8220;|||&#8220;][et_pb_sidebar orientation=&#8220;right&#8220; show_border=&#8220;off&#8220; _builder_version=&#8220;4.8.1&#8243; sticky_position=&#8220;top&#8220; sticky_limit_bottom=&#8220;section&#8220; motion_trigger_start=&#8220;top&#8220; sticky_position_tablet=&#8220;none&#8220; sticky_position_phone=&#8220;&#8220; sticky_position_last_edited=&#8220;on|phone&#8220; saved_tabs=&#8220;all&#8220; global_colors_info=&#8220;{}&#8220;][\/et_pb_sidebar][\/et_pb_column][\/et_pb_row][\/et_pb_section]<\/p>\n","protected":false},"excerpt":{"rendered":"<p>Bei Bedarf kann unser Berater oder Beraterteam beauftragt werden, mit Ihnen vor Ort oder virtuell zusammenzuarbeiten. Diese L\u00f6sung verbessert die Interaktion zwischen Ingenieuren\/Rechtsanw\u00e4lten und Beratern von Uppdragshuset und f\u00fchrt zu einer effizienteren Arbeit und Berichterstattung. Unsere Berater werden Teil Ihrer Patentabteilung und bieten Ihnen die Flexibilit\u00e4t, gro\u00dfe Projekte oder Arbeitsspitzen zu bew\u00e4ltigen und gleichzeitig das [&hellip;]<\/p>\n","protected":false},"author":11,"featured_media":3376,"parent":3930,"menu_order":50,"comment_status":"open","ping_status":"closed","template":"","meta":{"_acf_changed":false,"_et_pb_use_builder":"on","_et_pb_old_content":"[:sv]N\u00e4r du resonerar kring f\u00f6rverkligandet av en aff\u00e4rsid\u00e9 eller en teknisk produkt \u00e4r det viktigt att kartl\u00e4gga vilka immaterialr\u00e4ttsliga, tekniska och aff\u00e4rsm\u00e4ssiga fr\u00e5gest\u00e4llningar f\u00f6retagandet st\u00e5r inf\u00f6r. Vi p\u00e5 Uppdragshuset kan h\u00e4r bidra med teknisk och aff\u00e4rsm\u00e4ssig r\u00e5dgivning, vid sidan av till exempel patentombud och jurister.\r\n\r\nF\u00f6r att lyckas i innovationsprocessen \u00e4r det exempelvis grundl\u00e4ggande att veta vilka verktyg som st\u00e5r till buds och att f\u00e5 tillg\u00e5ng till adekvata analyser och beslutsunderlag. Uppdragshuset har i dessa fr\u00e5gor arbetat med s\u00e5v\u00e4l Svenskt N\u00e4ringsliv, Vinnova, ALMI och ett flertal nationella innovationscenter.\r\n<h3>Vi r\u00e5dg\u00f6r och utbildar<\/h3>\r\nUppdragshuset har l\u00e5ng erfarenhet av att st\u00f6dja v\u00e5ra kunder i deras utvecklingsprojekt. Vi erbjuder \u00e4ven kundanpassade kurser och r\u00e5dgivning inom immaterialr\u00e4tt och teknisk omv\u00e4rldsanalys. Vi riktar oss mot f\u00f6retag som beh\u00f6ver bygga kunskap och f\u00e5 st\u00f6d inom immaterialr\u00e4ttsliga fr\u00e5gor.\r\n\r\nVi kan hj\u00e4lpa till att koppla ihop dina aff\u00e4rsstrategier med den interna IP-verksamheten och det praktiska anv\u00e4ndandet av IPR p\u00e5 marknaden. Olika fr\u00e5gest\u00e4llningar kan till exempel vara:\r\n<ul>\r\n \t<li>Vilka m\u00f6jligheter finns inom immaterialr\u00e4tt, open source, copyright etc.? Vad \u00e4r f\u00f6rdelarna och nackdelarna? Vi g\u00e5r igenom grunderna f\u00f6r hur f\u00f6retaget ska till\u00e4mpa eller inte till\u00e4mpa IPR\u2010 skydd inom sin aff\u00e4rsstrategi.<\/li>\r\n \t<li>Hur kan f\u00f6retaget utveckla IP-verksamheten? Vilka olika organisationsstrukturer beh\u00f6vs och hur f\u00e5ngar man upp innovativa id\u00e9er? Vi fungerar som bollplank med m\u00e5l att f\u00f6rb\u00e4ttra innovationsprocessen.<\/li>\r\n<\/ul>\r\n\u00a0[:en]It is important when considering the realisation of a business idea or technical product to survey the issues that the company faces in the areas of intellectual property rights, technology and commerce. At Uppdragshuset we can contribute technical and commercial advice, in addition to services offered by, for example, patent agencies and law firms.\r\n\r\nIn order to be successful in the innovation process, it is fundamental to know, for example, which tools are available. It is also vital to gain access to suitable analyses and decision-support factors. Uppdragshuset has worked in such matters with the Confederation of Swedish Enterprise (Svenskt N\u00e4ringsliv), VINNOVA, ALMI and several other national centres of innovation.\r\n<h3>We advise and educate<\/h3>\r\nUppdragshuset has long experience of supporting our customers in development projects. We offer tailored courses and advisory services within intellectual property rights and global technical analysis. We target companies that need to increase their knowledge and obtain support in issues of intellectual property rights.\r\n\r\nWe can help to couple your business strategies with the internal intellectual property activities, and with the practical use of intellectual property rights (IPR) in the market. Examples of the questions faced are:\r\n<ul>\r\n \t<li>What opportunities are there in intellectual property rights, open source, copyright, etc.? What are the advantages and disadvantages? We analyse the factors that play a role in the decision whether to apply IPR protection as part of the business strategy and how to do it.<\/li>\r\n \t<li>How can the company develop its IP activities? What organisational structures are needed, and how can innovative ideas be picked up and exploited? We act as a sounding board, and we aim to improve the innovation process.<\/li>\r\n<\/ul>[:]","_et_gb_content_width":"","footnotes":""},"class_list":["post-3969","page","type-page","status-publish","has-post-thumbnail","hentry"],"acf":[],"_links":{"self":[{"href":"https:\/\/uppdragshuset.se\/de\/wp-json\/wp\/v2\/pages\/3969","targetHints":{"allow":["GET"]}}],"collection":[{"href":"https:\/\/uppdragshuset.se\/de\/wp-json\/wp\/v2\/pages"}],"about":[{"href":"https:\/\/uppdragshuset.se\/de\/wp-json\/wp\/v2\/types\/page"}],"author":[{"embeddable":true,"href":"https:\/\/uppdragshuset.se\/de\/wp-json\/wp\/v2\/users\/11"}],"replies":[{"embeddable":true,"href":"https:\/\/uppdragshuset.se\/de\/wp-json\/wp\/v2\/comments?post=3969"}],"version-history":[{"count":4,"href":"https:\/\/uppdragshuset.se\/de\/wp-json\/wp\/v2\/pages\/3969\/revisions"}],"predecessor-version":[{"id":3973,"href":"https:\/\/uppdragshuset.se\/de\/wp-json\/wp\/v2\/pages\/3969\/revisions\/3973"}],"up":[{"embeddable":true,"href":"https:\/\/uppdragshuset.se\/de\/wp-json\/wp\/v2\/pages\/3930"}],"wp:featuredmedia":[{"embeddable":true,"href":"https:\/\/uppdragshuset.se\/de\/wp-json\/wp\/v2\/media\/3376"}],"wp:attachment":[{"href":"https:\/\/uppdragshuset.se\/de\/wp-json\/wp\/v2\/media?parent=3969"}],"curies":[{"name":"wp","href":"https:\/\/api.w.org\/{rel}","templated":true}]}}