{"id":3975,"date":"2012-09-14T16:42:23","date_gmt":"2012-09-14T14:42:23","guid":{"rendered":"https:\/\/uppdragshuset.se\/tools\/"},"modified":"2021-11-22T09:55:54","modified_gmt":"2021-11-22T08:55:54","slug":"tools","status":"publish","type":"page","link":"https:\/\/uppdragshuset.se\/de\/tools\/","title":{"rendered":"Tools"},"content":{"rendered":"<p>[et_pb_section fb_built=&#8220;1&#8243; fullwidth=&#8220;on&#8220; module_class=&#8220;custom-header-small&#8220; _builder_version=&#8220;4.8.1&#8243; bottom_divider_style=&#8220;wave2&#8243; bottom_divider_color=&#8220;#ffffff&#8220; bottom_divider_height=&#8220;38px&#8220; global_colors_info=&#8220;{}&#8220;][et_pb_fullwidth_slider show_pagination=&#8220;off&#8220; use_bg_overlay=&#8220;off&#8220; use_text_overlay=&#8220;off&#8220; _builder_version=&#8220;4.8.1&#8243; header_level=&#8220;h1&#8243; header_font=&#8220;|600|||||||&#8220; header_text_align=&#8220;left&#8220; header_font_size=&#8220;35px&#8220; background_color=&#8220;#ffffff&#8220; custom_margin=&#8220;||||false|false&#8220; custom_padding=&#8220;10%|60px|10%|60px|true|true&#8220; auto=&#8220;on&#8220; auto_speed=&#8220;6000&#8243; auto_ignore_hover=&#8220;on&#8220; custom_css_slide_description=&#8220;padding-top:0 !important;||padding-bottom: 0 !Important;&#8220; global_colors_info=&#8220;{}&#8220;][et_pb_slide heading=&#8220;Tools&#8220; button_link=&#8220;https:\/\/uppdragshuset.se\/tjanster\/validitet\/&#8220; _builder_version=&#8220;4.8.1&#8243; header_text_align=&#8220;left&#8220; background_color=&#8220;#e17d00&#8243; background_enable_color=&#8220;on&#8220; background_color_gradient_direction=&#8220;90deg&#8220; background_image=&#8220;https:\/\/uppdragshuset.se\/wp-content\/uploads\/2021\/05\/services_5.jpg&#8220; background_enable_image=&#8220;on&#8220; background_size=&#8220;initial&#8220; background_position=&#8220;center_right&#8220; text_orientation=&#8220;left&#8220; global_colors_info=&#8220;{}&#8220; sticky_transition=&#8220;on&#8220;][\/et_pb_slide][\/et_pb_fullwidth_slider][\/et_pb_section][et_pb_section fb_built=&#8220;1&#8243; admin_label=&#8220;section&#8220; _builder_version=&#8220;3.22&#8243; global_colors_info=&#8220;{}&#8220;][et_pb_row column_structure=&#8220;2_3,1_3&#8243; admin_label=&#8220;row&#8220; _builder_version=&#8220;3.25&#8243; background_size=&#8220;initial&#8220; background_position=&#8220;top_left&#8220; background_repeat=&#8220;repeat&#8220; global_colors_info=&#8220;{}&#8220;][et_pb_column type=&#8220;2_3&#8243; _builder_version=&#8220;3.25&#8243; custom_padding=&#8220;|||&#8220; global_colors_info=&#8220;{}&#8220; custom_padding__hover=&#8220;|||&#8220;][et_pb_text admin_label=&#8220;Text&#8220; _builder_version=&#8220;4.13.1&#8243; background_size=&#8220;initial&#8220; background_position=&#8220;top_left&#8220; background_repeat=&#8220;repeat&#8220; global_colors_info=&#8220;{}&#8220;]<\/p>\n<p>F\u00fcr das Follow-up der Projekte und die Nachverfolgung aller zugeh\u00f6rigen Unterlagen sind praktische Tools zur Unterst\u00fctzung erforderlich. Es kann wichtig sein, Entscheidungen leicht zur\u00fcckverfolgen zu k\u00f6nnen, zu sehen, wer f\u00fcr verschiedene Bereiche zust\u00e4ndig ist, und den Arbeitsprozess mit neuen Ideen und Innovationen zu f\u00f6rdern.<\/p>\n<p>Wir haben Plattformen entwickelt, die die praktischen Innovationsprozesse unterst\u00fctzen, mit dem Ziel, diese Prozesse intelligenter und effizienter zu gestalten. Insbesondere konzentrieren wir uns auf die folgenden Bereiche:<br \/>\u2022 Automatischer Hintergrundabgleich, um Entscheidungshilfen z. B. f\u00fcr neue Erfindungsvorschl\u00e4ge zu erstellen<br \/>\u2022 Effiziente Sichtung gro\u00dfer Mengen von Dokumenten, die bei der Erfassung der technischen Landschaft oder bei der Suche nach Verst\u00f6\u00dfen erforderlich sein kann<br \/>\u2022 Automatisierte Arbeitsabl\u00e4ufe, um Dokumente automatisch den richtigen Empf\u00e4ngern zuzustellen<br \/>\u2022 Beauftragung und Follow-up von Beratungsdiensten f\u00fcr Innovationsprojekte, z. B. Recherchen und Bewertungen<\/p>\n<p>Seit 2017 werden die Entwicklung und t\u00e4gliche Wartung unserer Tools von unserem ausgegliederten Tochterunternehmen IPscreener durchgef\u00fchrt. Weitere Informationen und Demos finden Sie unter<\/p>\n<p><a target=\"_blank\" href=\"http:\/\/www.ipscreener.com\" rel=\"noopener noreferrer\">http:\/\/www.ipscreener.com<\/a>.<\/p>\n<h2><\/h2>\n<h2>ArchiveOnline<\/h2>\n<p>Uppdragshuset hat das webbasierte System ArchiveOnline entwickelt, um die Beauftragung und Lieferung unserer Dienstleistungen sowie die \u00dcberpr\u00fcfung und Verwaltung von Dokumenten zu erm\u00f6glichen. Das System funktioniert auch als digitales Archiv, in dem Patentdaten automatisch aktualisiert werden.<\/p>\n<p>ArchiveOnline kann an Ihre internen Prozesse zur Verwaltung von Erfindungen, zur Registrierung von Auftr\u00e4gen und zur \u00dcberpr\u00fcfung von Ergebnissen angepasst werden. So k\u00f6nnen Benutzer z. B. Gruppen mit entsprechenden Berechtigungen zugeordnet werden, um die M\u00f6glichkeiten zur Bearbeitung von Daten und Dokumenten individuell zu gestalten. \u00dcber das System lassen sich die Dokumente leicht kommentieren, bewerten und an weitere Beteiligte weiterleiten.<\/p>\n<p>Das Interface von ArchiveOnline kann so angepasst werden, dass Patentagenturen, gro\u00dfe Unternehmen oder Recherchefirmen ihr eigenes Profil mit Logos und Farben f\u00fcr ihre jeweiligen Kunden verwenden k\u00f6nnen. Kunden und Auftr\u00e4ge werden \u00fcber das Portal verwaltet. Die Beauftragung und die \u00dcbermittlung von Ergebnissen erfolgen auf sichere und benutzerfreundliche Weise.<\/p>\n<p>Auf <a target=\"_blank\" href=\"http:\/\/www.archiveonline.se\" rel=\"noopener noreferrer\">http:\/\/www.archiveonline.se<\/a> k\u00f6nnen Sie sich weiter \u00fcber dieses Interface informieren.<\/p>\n<p>&nbsp;<\/p>\n<h2>Workflow<\/h2>\n<p>Workflow ist ein Zusatzmodul f\u00fcr ArchiveOnline, das in Prozessen eingesetzt werden kann, in denen eine gro\u00dfe Menge an Dokumenten zu verwalten und\/oder eine gro\u00dfe Anzahl von Personen beteiligt ist. Dies kann zum Beispiel bei der Recherche von Verst\u00f6\u00dfen oder bei der Wettbewerbs\u00fcberwachung der Fall sein.<br \/>Workflow unterst\u00fctzt den Arbeitsprozess und macht deutlich, an welcher Stelle des Prozesses sich ein bestimmtes Dokument befindet, was der n\u00e4chste Schritt ist und wer ihn ausf\u00fchren soll. Dar\u00fcber hinaus erm\u00f6glicht das System die \u00dcberwachung und den \u00dcberblick \u00fcber den Fortschritt der Arbeitsprozesse, die Lokalisierung von Engp\u00e4ssen und die Zust\u00e4ndigkeitsbereiche der einzelnen Beteiligten.<\/p>\n<p>Gemeinsam mit Ihnen entwickeln wir einen Arbeitsablauf mit Kontrollpunkten f\u00fcr die \u00dcberpr\u00fcfung von Dokumenten und Kriterien, die festlegen, wie jedes Dokument in der Organisation weiter zu behandeln ist.<\/p>\n<p>&nbsp;<\/p>\n<h2>IPscreener<\/h2>\n<p>Der Innovationsprozess umfasst die urspr\u00fcngliche Idee bis hin zum fertigen Produkt oder zur Dienstleistung. Auf diesem Weg wird eine gro\u00dfe Menge an Ressourcen eingesetzt, um die einzigartigen Ideen mit kommerziellem Potenzial auszuw\u00e4hlen. Der Zeitdruck zwingt Sie zum schnellen Herausfiltern aller bereits bekannten Konzepte, was es Ihnen erschwert, sich ausschlie\u00dflich auf die vielversprechenden Ideen zu konzentrieren. IPscreener bietet hier eine einzigartige M\u00f6glichkeit, eine gro\u00dfe Zahl an Ideen auf effiziente Weise herauszufiltern.<\/p>\n<p>IPscreener vergleicht mit Hilfe einer auf k\u00fcnstlicher Intelligenz basierenden semantischen Suchmaschine automatisch Ideen mit fr\u00fcheren Konzepten und stellt die Dokumente vor, die f\u00fcr Ihre Idee am relevantesten sind. Wenn keine \u00dcbereinstimmung mit fr\u00fcheren Konzepten gefunden wird, deutet dies darauf hin, dass Ihre Idee Potenzial hat. So wird jede Pr\u00fcfung einer Idee w\u00e4hrend des Innovationsprozesses zu einem einfachen Abgleich.<\/p>\n<p>Um die bestm\u00f6gliche Leistung zu erbringen, wird IPscreener an Ihren spezifischen technischen Bereich angepasst. Sie erhalten also einen Datensatz, der speziell auf Ihr Unternehmen zugeschnitten ist und \u00fcber den nur sie verf\u00fcgen. Das System wurde als unabh\u00e4ngiges Modul implementiert, das sich als Hintergrunddienst ganz leicht in bestehende kommerzielle oder interne Patentverwaltungssysteme integrieren l\u00e4sst.<\/p>\n<p>Auf <a href=\"http:\/\/www.ipscreener.com\">http:\/\/www.ipscreener.com<\/a> erfahren Sie mehr \u00fcber dieses automatisierte Recherche-Tool.<\/p>\n<p>[\/et_pb_text][\/et_pb_column][et_pb_column type=&#8220;1_3&#8243; _builder_version=&#8220;3.25&#8243; custom_padding=&#8220;|||&#8220; global_colors_info=&#8220;{}&#8220; custom_padding__hover=&#8220;|||&#8220;][et_pb_sidebar orientation=&#8220;right&#8220; show_border=&#8220;off&#8220; _builder_version=&#8220;4.8.1&#8243; sticky_position=&#8220;top&#8220; sticky_limit_bottom=&#8220;section&#8220; motion_trigger_start=&#8220;top&#8220; sticky_position_tablet=&#8220;none&#8220; sticky_position_phone=&#8220;&#8220; sticky_position_last_edited=&#8220;on|phone&#8220; saved_tabs=&#8220;all&#8220; global_colors_info=&#8220;{}&#8220;][\/et_pb_sidebar][\/et_pb_column][\/et_pb_row][\/et_pb_section]<\/p>\n","protected":false},"excerpt":{"rendered":"<p>F\u00fcr das Follow-up der Projekte und die Nachverfolgung aller zugeh\u00f6rigen Unterlagen sind praktische Tools zur Unterst\u00fctzung erforderlich. Es kann wichtig sein, Entscheidungen leicht zur\u00fcckverfolgen zu k\u00f6nnen, zu sehen, wer f\u00fcr verschiedene Bereiche zust\u00e4ndig ist, und den Arbeitsprozess mit neuen Ideen und Innovationen zu f\u00f6rdern. Wir haben Plattformen entwickelt, die die praktischen Innovationsprozesse unterst\u00fctzen, mit dem [&hellip;]<\/p>\n","protected":false},"author":4,"featured_media":0,"parent":0,"menu_order":0,"comment_status":"open","ping_status":"open","template":"","meta":{"_acf_changed":false,"_et_pb_use_builder":"on","_et_pb_old_content":"[:sv]F\u00f6r att f\u00f6lja upp projekt och h\u00e5lla ordning p\u00e5 tillh\u00f6rande dokumentation \u00e4r n\u00f6dv\u00e4ndigt med praktiska st\u00f6dverktyg. Det kan vara viktigt att enkelt kunna sp\u00e5ra beslut, se vem som \u00e4r ansvarig f\u00f6r vad samt underl\u00e4tta arbetsprocessen med nya id\u00e9er och innovationer.\r\n\r\nVi utvecklar st\u00e4ndigt IT-verktyg som st\u00f6djer det praktiska innovationsarbetet. V\u00e5rt m\u00e5l ar att vi med dessa erbjuder ett smartare och mer effektivt arbetss\u00e4tt som underl\u00e4ttar er vardag. Speciellt har vi fokuserat p\u00e5 f\u00f6ljande omr\u00e5den:\r\n<ul>\r\n \t<li>Automatisk matchning i bakgrunden f\u00f6r att ta fram beslutsunderlag mot t.ex. nya f\u00f6reslagna id\u00e9er<\/li>\r\n \t<li>Arbete med att s\u00e5lla stora m\u00e4ngder dokument som vid en omv\u00e4rdsbevakning eller intr\u00e5ngsanalys (Freedom To Operate).<\/li>\r\n \t<li>Automatiserade arbetsfl\u00f6den d\u00e4r dokument automatiskt slussas till mottagare beroende p\u00e5 gjorda val eller priorteringar.<\/li>\r\n \t<li>Best\u00e4llning och uppf\u00f6ljning av konsulttj\u00e4nster till innovationsprojekt, t.ex. s\u00f6kningar och bed\u00f6mningar<\/li>\r\n<\/ul>[:en]Practical support tools are necessary to be able to follow up projects and keep track of all the associated documentation. It may be important to be able to trace back to decisions easily, to see who is responsible for what and to facilitate the work process with new ideas and innovations.\r\n\r\nWe are continuously developing new IT systems that support the practical work of innovation. Our objective is to offer through these systems a smarter and more efficient way of working, making your life easier. We focus in particular on the following areas:\r\n<ul>\r\n \t<li>Automatic background matching, in order to create decision-support material for, for example, new invention proposals<\/li>\r\n \t<li>Efficiently sifting through large quantities of documents, which may be necessary when surveying the technical landscape or carrying out an infringement search (Freedom To Operate)<\/li>\r\n \t<li>Automated work flows in which documents are automatically passed to recipients depending on choices made and priorities set<\/li>\r\n \t<li>Ordering and follow up of consultancy services for innovation projects, such as searches and assessments.<\/li>\r\n<\/ul>[:]","_et_gb_content_width":"","footnotes":""},"class_list":["post-3975","page","type-page","status-publish","hentry"],"acf":[],"_links":{"self":[{"href":"https:\/\/uppdragshuset.se\/de\/wp-json\/wp\/v2\/pages\/3975","targetHints":{"allow":["GET"]}}],"collection":[{"href":"https:\/\/uppdragshuset.se\/de\/wp-json\/wp\/v2\/pages"}],"about":[{"href":"https:\/\/uppdragshuset.se\/de\/wp-json\/wp\/v2\/types\/page"}],"author":[{"embeddable":true,"href":"https:\/\/uppdragshuset.se\/de\/wp-json\/wp\/v2\/users\/4"}],"replies":[{"embeddable":true,"href":"https:\/\/uppdragshuset.se\/de\/wp-json\/wp\/v2\/comments?post=3975"}],"version-history":[{"count":4,"href":"https:\/\/uppdragshuset.se\/de\/wp-json\/wp\/v2\/pages\/3975\/revisions"}],"predecessor-version":[{"id":3979,"href":"https:\/\/uppdragshuset.se\/de\/wp-json\/wp\/v2\/pages\/3975\/revisions\/3979"}],"wp:attachment":[{"href":"https:\/\/uppdragshuset.se\/de\/wp-json\/wp\/v2\/media?parent=3975"}],"curies":[{"name":"wp","href":"https:\/\/api.w.org\/{rel}","templated":true}]}}