{"id":3981,"date":"2013-01-21T13:36:38","date_gmt":"2013-01-21T12:36:38","guid":{"rendered":"https:\/\/uppdragshuset.se\/start-2\/"},"modified":"2023-04-17T16:57:02","modified_gmt":"2023-04-17T14:57:02","slug":"start-2","status":"publish","type":"page","link":"https:\/\/uppdragshuset.se\/de\/","title":{"rendered":"Start"},"content":{"rendered":"<p>[et_pb_section fb_built=&#8220;1&#8243; fullwidth=&#8220;on&#8220; _builder_version=&#8220;4.4.7&#8243; bottom_divider_style=&#8220;graph4&#8243; bottom_divider_color=&#8220;#ffffff&#8220; bottom_divider_height=&#8220;70px&#8220; global_colors_info=&#8220;{}&#8220;][et_pb_fullwidth_slider use_bg_overlay=&#8220;off&#8220; use_text_overlay=&#8220;off&#8220; _builder_version=&#8220;4.13.1&#8243; header_font=&#8220;|600|||||||&#8220; header_font_size=&#8220;64px&#8220; background_color=&#8220;#ffffff&#8220; custom_margin=&#8220;||||false|false&#8220; custom_padding=&#8220;60px|20px|60px|20px|true|false&#8220; custom_padding_tablet=&#8220;&#8220; custom_padding_phone=&#8220;10px||10px||true|false&#8220; custom_padding_last_edited=&#8220;on|phone&#8220; auto=&#8220;on&#8220; auto_speed=&#8220;6000&#8243; hover_transition_duration=&#8220;0ms&#8220; hover_enabled=&#8220;0&#8243; global_colors_info=&#8220;{}&#8220; sticky_enabled=&#8220;0&#8243;][et_pb_slide heading=&#8220;Der kreative Ansatz zur Patenrecherche&#8220; button_link=&#8220;https:\/\/uppdragshuset.se\/tjanster\/validitet\/&#8220; image=&#8220;https:\/\/uppdragshuset.se\/wp-content\/uploads\/2020\/11\/slide1orange.png&#8220; _builder_version=&#8220;4.13.1&#8243; background_color=&#8220;#e27d00&#8243; background_enable_color=&#8220;on&#8220; background_enable_image=&#8220;off&#8220; global_colors_info=&#8220;{}&#8220; sticky_transition=&#8220;on&#8220;][\/et_pb_slide][et_pb_slide heading=&#8220;Seit 20 Jahren Beratung in Patentfragen&#8220; button_link=&#8220;https:\/\/uppdragshuset.se\/tjanster\/validitet\/&#8220; image=&#8220;https:\/\/uppdragshuset.se\/wp-content\/uploads\/2020\/11\/slide2blue.png&#8220; _builder_version=&#8220;4.13.1&#8243; background_color=&#8220;#6ba2be&#8220; background_enable_color=&#8220;on&#8220; background_enable_image=&#8220;off&#8220; global_colors_info=&#8220;{}&#8220; sticky_transition=&#8220;on&#8220;][\/et_pb_slide][et_pb_slide _builder_version=&#8220;4.13.1&#8243; background_color=&#8220;#e27d00&#8243; background_enable_color=&#8220;on&#8220; background_image=&#8220;https:\/\/uppdragshuset.se\/wp-content\/uploads\/2023\/04\/photo-wall-2023.png&#8220; background_enable_image=&#8220;on&#8220; background_size=&#8220;contain&#8220; link_option_url=&#8220;\/our-team&#8220; hover_enabled=&#8220;0&#8243; global_colors_info=&#8220;{}&#8220; sticky_transition=&#8220;on&#8220; title_text=&#8220;photo wall 2023&#8243; sticky_enabled=&#8220;0&#8243;][\/et_pb_slide][et_pb_slide heading=&#8220;Erfahren Sie mehr \u00fcber die Kunst der Recherche \u2013 Termin buchen&#8220; button_text=&#8220;Book a meeting&#8220; button_link=&#8220;\/book-a-meeting&#8220; _builder_version=&#8220;4.13.1&#8243; background_color=&#8220;#6ba2be&#8220; background_enable_color=&#8220;on&#8220; background_enable_image=&#8220;off&#8220; max_width=&#8220;600px&#8220; global_colors_info=&#8220;{}&#8220; sticky_transition=&#8220;on&#8220;]<\/p>\n<p><img loading=\"lazy\" decoding=\"async\" style=\"margin-top: 20px; margin-bottom: 20px;\" src=\"https:\/\/uppdragshuset.se\/wp-content\/uploads\/2020\/11\/slide4line.png\" width=\"1770\" height=\"43\" alt=\"\" class=\"wp-image-2271 alignnone size-full\" srcset=\"https:\/\/uppdragshuset.se\/wp-content\/uploads\/2020\/11\/slide4line.png 1770w, https:\/\/uppdragshuset.se\/wp-content\/uploads\/2020\/11\/slide4line-1280x31.png 1280w, https:\/\/uppdragshuset.se\/wp-content\/uploads\/2020\/11\/slide4line-980x24.png 980w, https:\/\/uppdragshuset.se\/wp-content\/uploads\/2020\/11\/slide4line-480x12.png 480w\" sizes=\"(min-width: 0px) and (max-width: 480px) 480px, (min-width: 481px) and (max-width: 980px) 980px, (min-width: 981px) and (max-width: 1280px) 1280px, (min-width: 1281px) 1770px, 100vw\" \/><\/p>\n<p>[\/et_pb_slide][\/et_pb_fullwidth_slider][\/et_pb_section][et_pb_section fb_built=&#8220;1&#8243; _builder_version=&#8220;4.4.7&#8243; global_colors_info=&#8220;{}&#8220;][et_pb_row _builder_version=&#8220;4.4.7&#8243; global_colors_info=&#8220;{}&#8220;][et_pb_column type=&#8220;4_4&#8243; _builder_version=&#8220;4.4.7&#8243; global_colors_info=&#8220;{}&#8220;][et_pb_text module_class=&#8220;light-text&#8220; _builder_version=&#8220;4.13.1&#8243; header_font=&#8220;|300|||||||&#8220; header_font_size=&#8220;40px&#8220; text_orientation=&#8220;center&#8220; max_width=&#8220;600px&#8220; module_alignment=&#8220;center&#8220; global_colors_info=&#8220;{}&#8220;]<\/p>\n<h1>Wir verstehen Ihre Bed\u00fcrfnisse und bieten dadurch hochwertige Patentdienstleistungen<\/h1>\n<p>[\/et_pb_text][\/et_pb_column][\/et_pb_row][et_pb_row _builder_version=&#8220;4.4.7&#8243; global_colors_info=&#8220;{}&#8220;][et_pb_column type=&#8220;4_4&#8243; _builder_version=&#8220;4.4.7&#8243; global_colors_info=&#8220;{}&#8220;][et_pb_text _builder_version=&#8220;4.13.1&#8243; header_2_font_size=&#8220;54px&#8220; text_orientation=&#8220;center&#8220; global_colors_info=&#8220;{}&#8220;]<\/p>\n<h2><a href=\"\/de\/dienstleistungen\/\">Dienstleistungen<\/a><\/h2>\n<p>[\/et_pb_text][\/et_pb_column][\/et_pb_row][et_pb_row column_structure=&#8220;1_4,1_4,1_4,1_4&#8243; use_custom_gutter=&#8220;on&#8220; gutter_width=&#8220;1&#8243; disabled_on=&#8220;off|off|off&#8220; _builder_version=&#8220;4.8.1&#8243; width=&#8220;100%&#8220; custom_padding=&#8220;0px|40px||40px|false|true&#8220; global_colors_info=&#8220;{}&#8220;][et_pb_column type=&#8220;1_4&#8243; _builder_version=&#8220;4.0.6&#8243; global_colors_info=&#8220;{}&#8220;][et_pb_image src=&#8220;https:\/\/uppdragshuset.se\/wp-content\/uploads\/2022\/10\/service1-1024&#215;851.png&#8220; title_text=&#8220;service1&#8243; url=&#8220;\/de\/dienstleistungen\/neuheitensuche\/&#8220; _builder_version=&#8220;4.13.1&#8243; _module_preset=&#8220;default&#8220; global_colors_info=&#8220;{}&#8220;][\/et_pb_image][\/et_pb_column][et_pb_column type=&#8220;1_4&#8243; _builder_version=&#8220;4.0.6&#8243; global_colors_info=&#8220;{}&#8220;][et_pb_image src=&#8220;https:\/\/uppdragshuset.se\/wp-content\/uploads\/2022\/10\/service2-1024&#215;851.png&#8220; title_text=&#8220;service2&#8243; url=&#8220;\/de\/dienstleistungen\/freedom-to-operate-recherchen\/&#8220; _builder_version=&#8220;4.13.1&#8243; _module_preset=&#8220;default&#8220; global_colors_info=&#8220;{}&#8220;][\/et_pb_image][\/et_pb_column][et_pb_column type=&#8220;1_4&#8243; _builder_version=&#8220;4.0.6&#8243; global_colors_info=&#8220;{}&#8220;][et_pb_image src=&#8220;https:\/\/uppdragshuset.se\/wp-content\/uploads\/2022\/10\/service3-1024&#215;851.png&#8220; title_text=&#8220;service3&#8243; url=&#8220;\/de\/dienstleistungen\/gueltigkeitsrecherche\/&#8220; _builder_version=&#8220;4.13.1&#8243; _module_preset=&#8220;default&#8220; global_colors_info=&#8220;{}&#8220;][\/et_pb_image][\/et_pb_column][et_pb_column type=&#8220;1_4&#8243; _builder_version=&#8220;4.0.6&#8243; global_colors_info=&#8220;{}&#8220;][et_pb_image src=&#8220;https:\/\/uppdragshuset.se\/wp-content\/uploads\/2022\/10\/service4-1024&#215;851.png&#8220; title_text=&#8220;service4&#8243; url=&#8220;\/de\/dienstleistungen\/vor-ort-ressourcen\/&#8220; _builder_version=&#8220;4.13.1&#8243; _module_preset=&#8220;default&#8220; global_colors_info=&#8220;{}&#8220;][\/et_pb_image][\/et_pb_column][\/et_pb_row][et_pb_row _builder_version=&#8220;4.4.7&#8243; global_colors_info=&#8220;{}&#8220;][et_pb_column type=&#8220;4_4&#8243; _builder_version=&#8220;4.4.7&#8243; global_colors_info=&#8220;{}&#8220;][et_pb_text module_class=&#8220;light-text&#8220; _builder_version=&#8220;4.13.1&#8243; text_font=&#8220;|300|||||||&#8220; header_font_size=&#8220;39px&#8220; header_2_font=&#8220;|300|||||||&#8220; header_2_font_size=&#8220;40px&#8220; text_orientation=&#8220;center&#8220; max_width=&#8220;600px&#8220; module_alignment=&#8220;center&#8220; global_colors_info=&#8220;{}&#8220;]<\/p>\n<h2>Durch unsere hochwertigen Dienstleistungen gewinnen wir das Vertrauen unserer Kunden, die uns als strategischen Partner betrachten<\/h2>\n<p>[\/et_pb_text][\/et_pb_column][\/et_pb_row][\/et_pb_section][et_pb_section fb_built=&#8220;1&#8243; fullwidth=&#8220;on&#8220; _builder_version=&#8220;4.4.7&#8243; global_colors_info=&#8220;{}&#8220;][et_pb_fullwidth_slider _builder_version=&#8220;4.13.1&#8243; custom_padding=&#8220;50px||50px||true|false&#8220; global_colors_info=&#8220;{}&#8220;][et_pb_slide heading=&#8220;\u201dUH liefert stets zeitnahe und genaue Recherchen, was die Entscheidungsfindung erleichtert. Sie verf\u00fcgen \u00fcber ein gutes technisches Verst\u00e4ndnis und beherrschen die Kunst der Recherche hervorragend. Und das Team ist sehr nett.\u201d&#8220; use_bg_overlay=&#8220;on&#8220; _builder_version=&#8220;4.13.1&#8243; background_image=&#8220;https:\/\/uppdragshuset.se\/wp-content\/uploads\/2020\/12\/Driveshaft-slide.jpg&#8220; background_enable_image=&#8220;on&#8220; global_colors_info=&#8220;{}&#8220; sticky_transition=&#8220;on&#8220;]Leiter der Patentabteilung<br \/>\nHersteller von Lastkraftwagen[\/et_pb_slide][et_pb_slide heading=&#8220;\u201dSie stehen uns als Partner zur Seite\u201d&#8220; use_bg_overlay=&#8220;on&#8220; _builder_version=&#8220;4.13.1&#8243; background_image=&#8220;https:\/\/uppdragshuset.se\/wp-content\/uploads\/2020\/12\/mining-mill-slide.jpg&#8220; background_enable_image=&#8220;on&#8220; global_colors_info=&#8220;{}&#8220; sticky_transition=&#8220;on&#8220;]Patent-Manager<br \/>\nUnternehmen f\u00fcr Industriemaschinen[\/et_pb_slide][et_pb_slide heading=&#8220;\u201dZielorientierte und schnelle Dienstleistung.  Hervorragende Arbeit.\u201d&#8220; use_bg_overlay=&#8220;on&#8220; _builder_version=&#8220;4.13.1&#8243; background_image=&#8220;https:\/\/uppdragshuset.se\/wp-content\/uploads\/2020\/12\/Patent-lawyer-slide.jpg&#8220; background_enable_image=&#8220;on&#8220; global_colors_info=&#8220;{}&#8220; sticky_transition=&#8220;on&#8220;]<\/p>\n<p>Patentanwalt<br \/>Autohersteller<\/p>\n<p>[\/et_pb_slide][\/et_pb_fullwidth_slider][\/et_pb_section][et_pb_section fb_built=&#8220;1&#8243; _builder_version=&#8220;4.4.7&#8243; custom_margin=&#8220;||||false|false&#8220; custom_padding=&#8220;80px||80px||true|false&#8220; global_colors_info=&#8220;{}&#8220;][et_pb_row _builder_version=&#8220;4.4.7&#8243; global_colors_info=&#8220;{}&#8220;][et_pb_column type=&#8220;4_4&#8243; _builder_version=&#8220;4.4.7&#8243; global_colors_info=&#8220;{}&#8220;][et_pb_text module_class=&#8220;light-text&#8220; _builder_version=&#8220;4.13.1&#8243; text_font=&#8220;|300|||||||&#8220; header_font_size=&#8220;39px&#8220; header_2_font=&#8220;|300|||||||&#8220; header_2_font_size=&#8220;40px&#8220; text_orientation=&#8220;center&#8220; max_width=&#8220;600px&#8220; module_alignment=&#8220;center&#8220; global_colors_info=&#8220;{}&#8220;]<\/p>\n<h2>Nach \u00fcber 20 Jahren im Gesch\u00e4ft sind wir stolz auf unsere Erfolge<\/h2>\n<p>[\/et_pb_text][\/et_pb_column][\/et_pb_row][\/et_pb_section][et_pb_section fb_built=&#8220;1&#8243; prev_background_color=&#8220;#ffffff&#8220; module_class=&#8220;section-stat&#8220; _builder_version=&#8220;4.4.7&#8243; background_color=&#8220;#6ba2be&#8220; background_color_gradient_direction=&#8220;136deg&#8220; background_image=&#8220;https:\/\/uppdragshuset.se\/wp-content\/uploads\/2020\/11\/brush-bottom-transparent.png&#8220; background_size=&#8220;contain&#8220; background_position=&#8220;bottom_left&#8220; top_divider_style=&#8220;waves&#8220; top_divider_height=&#8220;18px&#8220; global_colors_info=&#8220;{}&#8220;][et_pb_row column_structure=&#8220;1_6,1_6,1_6,1_6,1_6,1_6&#8243; use_custom_gutter=&#8220;on&#8220; gutter_width=&#8220;1&#8243; _builder_version=&#8220;4.8.1&#8243; custom_padding=&#8220;44px|||||&#8220; global_colors_info=&#8220;{}&#8220;][et_pb_column type=&#8220;1_6&#8243; _builder_version=&#8220;4.0.6&#8243; global_colors_info=&#8220;{}&#8220;][et_pb_blurb title=&#8220;Europ\u00e4ische Firma f\u00fcr Patentrecherchen&#8220; image=&#8220;https:\/\/uppdragshuset.se\/wp-content\/uploads\/2021\/03\/stat-top-3.png&#8220; _builder_version=&#8220;4.13.1&#8243; background_layout=&#8220;dark&#8220; global_colors_info=&#8220;{}&#8220;][\/et_pb_blurb][\/et_pb_column][et_pb_column type=&#8220;1_6&#8243; _builder_version=&#8220;4.0.6&#8243; global_colors_info=&#8220;{}&#8220;][et_pb_blurb title=&#8220;Verbesserte Erteilungsquote&#8220; image=&#8220;https:\/\/uppdragshuset.se\/wp-content\/uploads\/2020\/11\/stat-icon-high-patent-granted-rate.png&#8220; _builder_version=&#8220;4.13.1&#8243; background_layout=&#8220;dark&#8220; custom_margin=&#8220;150px||||false|false&#8220; custom_margin_tablet=&#8220;0px||||false|false&#8220; custom_margin_phone=&#8220;&#8220; custom_margin_last_edited=&#8220;on|phone&#8220; global_colors_info=&#8220;{}&#8220;][\/et_pb_blurb][\/et_pb_column][et_pb_column type=&#8220;1_6&#8243; _builder_version=&#8220;4.0.6&#8243; global_colors_info=&#8220;{}&#8220;][et_pb_blurb title=&#8220;Recherchen pro Jahr&#8220; image=&#8220;https:\/\/uppdragshuset.se\/wp-content\/uploads\/2020\/11\/stat-icon-1000.png&#8220; _builder_version=&#8220;4.13.1&#8243; background_layout=&#8220;dark&#8220; global_colors_info=&#8220;{}&#8220;][\/et_pb_blurb][\/et_pb_column][et_pb_column type=&#8220;1_6&#8243; _builder_version=&#8220;4.0.6&#8243; global_colors_info=&#8220;{}&#8220;][et_pb_blurb title=&#8220;Durchschnittliche Erfahrung von Beratern&#8220; image=&#8220;https:\/\/uppdragshuset.se\/wp-content\/uploads\/2021\/03\/stat-15-years.png&#8220; _builder_version=&#8220;4.13.1&#8243; background_layout=&#8220;dark&#8220; custom_margin=&#8220;150px||||false|false&#8220; custom_margin_tablet=&#8220;0px||||false|false&#8220; custom_margin_phone=&#8220;&#8220; custom_margin_last_edited=&#8220;on|phone&#8220; global_colors_info=&#8220;{}&#8220;][\/et_pb_blurb][\/et_pb_column][et_pb_column type=&#8220;1_6&#8243; _builder_version=&#8220;4.0.6&#8243; global_colors_info=&#8220;{}&#8220;][et_pb_blurb title=&#8220;Geringeres Risiko von Rechtsverletzungen&#8220; image=&#8220;https:\/\/uppdragshuset.se\/wp-content\/uploads\/2020\/11\/stat-icon-low-risk.png&#8220; _builder_version=&#8220;4.13.1&#8243; background_layout=&#8220;dark&#8220; global_colors_info=&#8220;{}&#8220;][\/et_pb_blurb][\/et_pb_column][et_pb_column type=&#8220;1_6&#8243; _builder_version=&#8220;4.0.6&#8243; global_colors_info=&#8220;{}&#8220;][et_pb_blurb title=&#8220;Zertifizierter QPIP-Berater&#8220; image=&#8220;https:\/\/uppdragshuset.se\/wp-content\/uploads\/2020\/11\/stat-icon-50-percent.png&#8220; _builder_version=&#8220;4.13.1&#8243; background_layout=&#8220;dark&#8220; custom_margin=&#8220;150px||||false|false&#8220; custom_margin_tablet=&#8220;0px||||false|false&#8220; custom_margin_phone=&#8220;&#8220; custom_margin_last_edited=&#8220;on|phone&#8220; global_colors_info=&#8220;{}&#8220;][\/et_pb_blurb][\/et_pb_column][\/et_pb_row][et_pb_row _builder_version=&#8220;4.4.7&#8243; global_colors_info=&#8220;{}&#8220;][et_pb_column type=&#8220;4_4&#8243; _builder_version=&#8220;4.4.7&#8243; global_colors_info=&#8220;{}&#8220;][\/et_pb_column][\/et_pb_row][\/et_pb_section][et_pb_section fb_built=&#8220;1&#8243; module_class=&#8220;scale-child-on-hover&#8220; _builder_version=&#8220;4.4.7&#8243; background_enable_color=&#8220;off&#8220; custom_padding=&#8220;69px|||||&#8220; global_colors_info=&#8220;{}&#8220;][et_pb_row use_custom_gutter=&#8220;on&#8220; gutter_width=&#8220;2&#8243; _builder_version=&#8220;4.13.1&#8243; global_colors_info=&#8220;{}&#8220;][et_pb_column type=&#8220;4_4&#8243; _builder_version=&#8220;4.0.6&#8243; global_colors_info=&#8220;{}&#8220;][et_pb_text disabled_on=&#8220;on|on|on&#8220; _builder_version=&#8220;4.8.1&#8243; text_orientation=&#8220;center&#8220; disabled=&#8220;on&#8220; global_colors_info=&#8220;{}&#8220;]<\/p>\n<p><a href=\"\/nyheter\"><\/a><\/p>\n<h2>News<\/h2>\n<p>&nbsp;<\/p>\n<p>[\/et_pb_text][et_pb_blog fullwidth=&#8220;off&#8220; posts_number=&#8220;3&#8243; include_categories=&#8220;1&#8243; show_author=&#8220;off&#8220; show_categories=&#8220;off&#8220; show_pagination=&#8220;off&#8220; _builder_version=&#8220;4.8.1&#8243; header_level=&#8220;h3&#8243; header_text_color=&#8220;#202020&#8243; body_text_color=&#8220;#202020&#8243; global_colors_info=&#8220;{}&#8220;][\/et_pb_blog][\/et_pb_column][\/et_pb_row][\/et_pb_section]<\/p>\n","protected":false},"excerpt":{"rendered":"<p>Wir verstehen Ihre Bed\u00fcrfnisse und bieten dadurch hochwertige PatentdienstleistungenDienstleistungenDurch unsere hochwertigen Dienstleistungen gewinnen wir das Vertrauen unserer Kunden, die uns als strategischen Partner betrachtenLeiter der Patentabteilung Hersteller von LastkraftwagenPatent-Manager Unternehmen f\u00fcr IndustriemaschinenPatentanwaltAutoherstellerNach \u00fcber 20 Jahren im Gesch\u00e4ft sind wir stolz auf unsere Erfolge News &nbsp;<\/p>\n","protected":false},"author":11,"featured_media":0,"parent":0,"menu_order":0,"comment_status":"open","ping_status":"closed","template":"","meta":{"_acf_changed":false,"_et_pb_use_builder":"on","_et_pb_old_content":"[vc_row full_width=\"stretch_row\" css=\".vc_custom_1515281968703{background-position: 0 0 !important;background-repeat: no-repeat !important;}\" wpex_bg_position=\"top right\" el_id=\"home-slider\"][vc_column][vc_column_text el_class=\"home-hero-txt\"][rev_slider alias=\"start-sve\"][\/vc_column_text][\/vc_column][\/vc_row][vc_row el_class=\"se-smaller-margins\"][vc_column width=\"2\/3\"][vc_column_text el_class=\"home-art-of-finding\"]Vi tar fram <em>r\u00e4tt fakta<\/em> f\u00f6r r\u00e4tt beslut. Oavsett var, oavsett vad, <em>s\u00e5 hittar vi det<\/em>. Det \u00e4r b\u00e5de v\u00e5rt uppdrag och v\u00e5r passion. Vi kallar det <em>\"the art of finding\"<\/em>.[\/vc_column_text][vc_column_text el_class=\"col3 home-anpassade-soktjanster\"]<a href=\"\/produkter\/\"><img class=\"alignnone wp-image-3447 size-medium\" src=\"https:\/\/uppdragshuset.se\/wp-content\/uploads\/2013\/01\/orange-420x349.jpg\" alt=\"\" width=\"420\" height=\"349\" \/><\/a><a href=\"\/tjanster\/\"><img class=\"alignnone wp-image-3448 size-medium\" src=\"https:\/\/uppdragshuset.se\/wp-content\/uploads\/2013\/01\/blue-420x349.jpg\" alt=\"\" width=\"420\" height=\"349\" \/><\/a><a href=\"\/konsulter\/\"><img class=\"alignnone wp-image-3449 size-medium\" src=\"https:\/\/uppdragshuset.se\/wp-content\/uploads\/2013\/01\/grey-420x349.jpg\" alt=\"\" width=\"420\" height=\"349\" \/><\/a>[\/vc_column_text][\/vc_column][vc_column width=\"1\/3\"][\/vc_column][\/vc_row][vc_row el_class=\"se-smaller-margins\"][vc_column width=\"1\/3\" el_class=\"se-homepage-validity-list\"][vc_column_text]\r\n<p class=\"alignnone\"><a href=\"\/tjanster\/validitet\/\"><img class=\"size-full wp-image-3450 alignnone\" src=\"https:\/\/uppdragshuset.se\/wp-content\/uploads\/2017\/10\/Check-ORANGE-2.png\" alt=\"\" width=\"100\" height=\"77\" \/>Validitet<\/a><\/p>\r\n[\/vc_column_text][vc_column_text]<a href=\"\/tjanster\/intrang\/\"><img class=\"size-full wp-image-3450 alignnone\" src=\"https:\/\/uppdragshuset.se\/wp-content\/uploads\/2017\/10\/Check-ORANGE-2.png\" alt=\"\" width=\"100\" height=\"77\" \/>Freedom to operate<\/a>[\/vc_column_text][vc_column_text]<a href=\"\/produkter\/archiveonline\/\"><img class=\"size-full wp-image-3450 alignnone\" src=\"https:\/\/uppdragshuset.se\/wp-content\/uploads\/2017\/10\/Check-ORANGE-2.png\" alt=\"\" width=\"100\" height=\"77\" \/>Archive Online<\/a>[\/vc_column_text][\/vc_column][vc_column width=\"1\/3\" el_class=\"se-homepage-validity-list\"][vc_column_text]<a href=\"\/tjanster\/nyhetssok\/\"><img class=\"size-full wp-image-3450 alignnone\" src=\"https:\/\/uppdragshuset.se\/wp-content\/uploads\/2017\/10\/Check-ORANGE-2.png\" alt=\"\" width=\"100\" height=\"77\" \/>Nyhetsunders\u00f6kning<\/a>[\/vc_column_text][vc_column_text]<a href=\"\/tjanster\/patentlandskap\/\"><img class=\"size-full wp-image-3450 alignnone\" src=\"https:\/\/uppdragshuset.se\/wp-content\/uploads\/2017\/10\/Check-ORANGE-2.png\" alt=\"\" width=\"100\" height=\"77\" \/>Patentlandskap<\/a>[\/vc_column_text][vc_column_text]<a href=\"\/produkter\/automatch\/\"><img class=\"size-full wp-image-3450 alignnone\" src=\"https:\/\/uppdragshuset.se\/wp-content\/uploads\/2017\/10\/Check-ORANGE-2.png\" alt=\"\" width=\"100\" height=\"77\" \/>Automatch<\/a>[\/vc_column_text][\/vc_column][vc_column width=\"1\/3\" el_class=\"se-home-news-list-wrapper\"][vc_column_text][display-posts category=\"lediga-tjanster, nyheter\" posts_per_page=\"3\" include_date=\"true\" order=\"DESC\" orderby=\"date\"][\/vc_column_text][\/vc_column][\/vc_row][vc_row el_class=\"se-smaller-margins\"][vc_column][vc_column_text]\r\n<h4>V\u00e5r Vision<\/h4>\r\n[\/vc_column_text][vc_separator color=\"orange\"][\/vc_column][\/vc_row][vc_row el_class=\"se-our-vision-content se-smaller-margins\"][vc_column width=\"1\/3\"][vc_column_text]<img class=\"alignleft wp-image-3452\" src=\"https:\/\/uppdragshuset.se\/wp-content\/uploads\/2013\/01\/speech-bubble.jpg\" alt=\"\" width=\"80\" height=\"73\" \/>\r\n<h2>Tror p\u00e5 dialogen<\/h2>\r\nTv\u00e5 tilldelade specialister p\u00e5 varje uppdrag. Kommunikation \u00e4r nyckeln till kvalitet.[\/vc_column_text][\/vc_column][vc_column width=\"1\/3\"][vc_column_text]<img class=\"wp-image-3453 alignleft\" src=\"https:\/\/uppdragshuset.se\/wp-content\/uploads\/2013\/01\/vision-chain.jpg\" alt=\"\" width=\"80\" height=\"73\" \/>\r\n<h2>H\u00e5ller vad vi lovar<\/h2>\r\nInom budget, med f\u00f6rv\u00e4ntad kvalitet och inom uppsatt tidsram. Ett personligt engagemang.[\/vc_column_text][\/vc_column][vc_column width=\"1\/3\"][vc_column_text]<img class=\"alignleft wp-image-3454\" src=\"https:\/\/uppdragshuset.se\/wp-content\/uploads\/2013\/01\/vision-analys.jpg\" alt=\"\" width=\"80\" height=\"73\" \/>\r\n<h2>Tr\u00e4ffs\u00e4ker analys<\/h2>\r\nDe mest relevanta dokumenten, i r\u00e4tt ordning. Korrekt analys med referens till r\u00e4tt avsnitt.[\/vc_column_text][\/vc_column][\/vc_row]","_et_gb_content_width":"","footnotes":""},"class_list":["post-3981","page","type-page","status-publish","hentry"],"acf":[],"_links":{"self":[{"href":"https:\/\/uppdragshuset.se\/de\/wp-json\/wp\/v2\/pages\/3981","targetHints":{"allow":["GET"]}}],"collection":[{"href":"https:\/\/uppdragshuset.se\/de\/wp-json\/wp\/v2\/pages"}],"about":[{"href":"https:\/\/uppdragshuset.se\/de\/wp-json\/wp\/v2\/types\/page"}],"author":[{"embeddable":true,"href":"https:\/\/uppdragshuset.se\/de\/wp-json\/wp\/v2\/users\/11"}],"replies":[{"embeddable":true,"href":"https:\/\/uppdragshuset.se\/de\/wp-json\/wp\/v2\/comments?post=3981"}],"version-history":[{"count":12,"href":"https:\/\/uppdragshuset.se\/de\/wp-json\/wp\/v2\/pages\/3981\/revisions"}],"predecessor-version":[{"id":4431,"href":"https:\/\/uppdragshuset.se\/de\/wp-json\/wp\/v2\/pages\/3981\/revisions\/4431"}],"wp:attachment":[{"href":"https:\/\/uppdragshuset.se\/de\/wp-json\/wp\/v2\/media?parent=3981"}],"curies":[{"name":"wp","href":"https:\/\/api.w.org\/{rel}","templated":true}]}}